{"id":9012,"date":"2022-06-13T09:12:52","date_gmt":"2022-06-13T03:42:52","guid":{"rendered":"https:\/\/scoliotrack.com\/disclaimer-2\/"},"modified":"2023-04-26T18:44:36","modified_gmt":"2023-04-26T13:14:36","slug":"disclaimer","status":"publish","type":"page","link":"https:\/\/scoliotrack.com\/vi\/disclaimer\/","title":{"rendered":"Tuy\u00ean b\u1ed1 t\u1eeb ch\u1ed1i tr\u00e1ch nhi\u1ec7m"},"content":{"rendered":"<h2 style=\"text-align: center;\">Khuy\u1ebfnc\u00e1ov\u1ec1\u1ee9ngd\u1ee5ng y t\u1ebf<\/h2>\n<p style=\"text-align: center;\">Khuy\u1ebfnc\u00e1o y t\u1ebf<\/p>\n<p style=\"text-align: center;\">S\u1eeda\u0111\u1ed5iv\u00e0o 27\/6\/2022<\/p>\n<h2><strong>Kh\u00f4ng\u0111\u01b0\u1ee3c<\/strong><strong> xem l\u00e0<\/strong><strong>l\u1eddikhuy\u00ean<\/strong><\/h2>\n<p>\u1ee8ngd\u1ee5ngScolioTrackn\u00e0y (\u201c\u1ee8ngd\u1ee5ng\u201d) ch\u1ec9\u0111\u1ec3cungc\u1ea5pth\u00f4ng tin, kh\u00f4ngph\u1ea3il\u00e0l\u1eddikhuy\u00eanv\u1ec1 y t\u1ebfho\u1eb7c\u0111\u1ec3\u0111i\u1ec1utr\u1ecb, v\u00e0ng\u01b0\u1eddid\u00f9ng kh\u00f4ng n\u00ean \u0111i\u1ec1utr\u1ecbd\u1ef1av\u00e0och\u00fang. Do \u0111\u00f3, kh\u00f4ngth\u1ec3d\u1ef1av\u00e0o\u1ee8ngd\u1ee5ngn\u00e0ychoc\u00e1cm\u1ee5c\u0111\u00edchch\u1ea9n\u0111o\u00e1n y t\u1ebfho\u1eb7cnh\u01b0t\u01b0v\u1ea5ntrongch\u0103ms\u00f3cho\u1eb7c\u0111i\u1ec1utr\u1ecb y t\u1ebf. Th\u00f4ng tin tr\u00ean\u1ee8ngd\u1ee5ngn\u00e0ykh\u00f4ngth\u1ec3thayth\u1ebfchol\u1eddikhuy\u00ean, ch\u1ea9n\u0111o\u00e1nho\u1eb7c\u0111i\u1ec1utr\u1ecb y t\u1ebfchuy\u00eannghi\u1ec7p. T\u1ea5tc\u1ea3n\u1ed9i dung, bao g\u1ed3mv\u0103nb\u1ea3n, \u0111\u1ed3h\u1ecda, h\u00ecnh\u1ea3nhv\u00e0th\u00f4ng tin, ch\u1ee9a trong ho\u1eb7cl\u1ea5yt\u1eeb\u1ee8ngd\u1ee5ngn\u00e0ych\u1ec9d\u00e0nhchom\u1ee5c\u0111\u00edchth\u00f4ng tin thamkh\u1ea3o.<\/p>\n<h2><strong>T\u01b0v\u1ea5nv\u00e0h\u1ed7tr\u1ee3yt\u1ebfChuy\u00eannghi\u1ec7p<\/strong><\/h2>\n<p>Ch\u00fang t\u00f4ikhuy\u1ebfnkh\u00edchb\u1ea1n n\u00ean x\u00e1cnh\u1eadnb\u1ea5tk\u1ef3th\u00f4ng tin n\u00e0onh\u1eadnv\u1ec1t\u1eebho\u1eb7cth\u00f4ng qua \u1ee8ngd\u1ee5ngn\u00e0yv\u1edbib\u00e1cs\u0129c\u1ee7am\u00ecnhho\u1eb7cnh\u00e0cungc\u1ea5pd\u1ecbchv\u1ee5ch\u0103ms\u00f3cs\u1ee9ckh\u1ecfechuy\u00eannghi\u1ec7pkh\u00e1cv\u00e0 n\u00eanxemx\u00e9tt\u1ea5tc\u1ea3th\u00f4ng tin m\u00e0c\u00f3li\u00eanquan\u0111\u1ebfnb\u1ea5tk\u1ef3t\u00ecnhtr\u1ea1ngs\u1ee9ckh\u1ecfeho\u1eb7cqu\u00e1tr\u00ecnh\u0111i\u1ec1utr\u1ecb y t\u1ebfn\u00e0ov\u1edbib\u00e1cs\u0129c\u1ee7am\u00ecnhho\u1eb7cnh\u00e0cungc\u1ea5pd\u1ecbchv\u1ee5ch\u0103ms\u00f3cs\u1ee9ckh\u1ecfechuy\u00eannghi\u1ec7pkh\u00e1c.<\/p>\n<h2><strong>Kh\u00f4ngph\u1ee5thu\u1ed9c<\/strong><\/h2>\n<p>B\u1ea0N KH\u00d4NG \u0110\u01af\u1ee2C D\u1ef0A V\u00c0O V\u00c0O B\u1ea4T K\u1ef2 TH\u00d4NG TIN N\u00c0O C\u00d3 \u0110\u01af\u1ee2C KHI S\u1eec D\u1ee4NG \u1ee8NG D\u1ee4NG N\u00c0Y NH\u01af L\u00c0 CH\u1ea8N \u0110O\u00c1N Y T\u1ebe HO\u1eb6C XEM NH\u01af L\u00c0 KHUY\u1ebeN NGH\u1eca \u0110\u1ec2 \u0110I\u1ec0U TR\u1eca Y T\u1ebe. B\u1ea0N KH\u00d4NG \u0110\u01af\u1ee2C S\u1eec D\u1ee4NG B\u1ea4T K\u1ef2 TH\u00d4NG TIN N\u00c0O NH\u1eacN \u0110\u01af\u1ee2C T\u1eea \u1ee8NG D\u1ee4NG N\u00c0Y \u0110\u1ec2 THAY TH\u1ebe CHO L\u1edcI KHUY\u00caN Y T\u1ebe T\u1eea B\u00c1C S\u0128 C\u1ee6A M\u00ccNH HO\u1eb6C NH\u00c0 CUNG C\u1ea4P D\u1ecaCH V\u1ee4 CH\u0102M S\u00d3C S\u1ee8C KH\u1eceE CHUY\u00caN NGHI\u1ec6P KH\u00c1C.<\/p>\n<p>B\u1ea0N \u0110\u01af\u1ee2C B\u1ece QUA C\u00c1C T\u01af V\u1ea4N Y T\u1ebe CHUY\u00caN NGHI\u1ec6P HO\u1eb6C TR\u00cc HO\u00c3N \u0110I\u1ec0U TR\u1eca Y T\u1ebe D\u1ef0A V\u00c0O B\u1ea4T K\u1ef2 TH\u00d4NG TIN N\u00c0O NH\u1eacN V\u1ec0 HO\u1eb6C TH\u00d4NG QUA VI\u1ec6C TRUY C\u1eacP V\u00c0O\u1ee8NG D\u1ee4NG N\u00c0Y. N\u1ebeU B\u1ea0N C\u00d3 B\u1ea4T K\u1ef2 C\u00c2U H\u1eceI C\u1ee4 TH\u1ec2 N\u00c0O V\u1ec0 B\u1ea4T K\u1ef2 V\u1ea4N \u0110\u1ec0 Y T\u1ebe N\u00c0O, B\u1ea0N N\u00caN H\u1eceI \u00dd KI\u1ebeN C\u1ee6A B\u00c1C S\u0128 HO\u1eb6C NH\u00c0 CUNG C\u1ea4P D\u1ecaCH V\u1ee4 CH\u0102M S\u00d3C S\u1ee8C KH\u1eceE CHUY\u00caN NGHI\u1ec6P KH\u00c1C. N\u1ebeU B\u1ea0N CHO R\u1eb0NG M\u00ccNH \u0110ANG G\u1eb6P PH\u1ea2I V\u1ea4N \u0110\u1ec0 V\u1ec0 S\u1ee8C KH\u1eceE, B\u1ea0N N\u00caN NGAY L\u1eacP T\u1ee8C LI\u00caN H\u1ec6 TR\u1ee2 GI\u00daP V\u1ec0 Y T\u1ebe.<\/p>\n<h2><strong>Kh\u00f4ng\u0111\u1ea3m<\/strong><strong>b\u1ea3o<\/strong><\/h2>\n<p>Th\u00f4ng tin c\u00f3 trong \u1ee8ngd\u1ee5ngn\u00e0y\u0111\u01b0\u1ee3ccungc\u1ea5ptheo&#8221;nguy\u00eanm\u1eabu&#8221; m\u00e0kh\u00f4ngc\u00f3b\u1ea5tk\u1ef3tuy\u00eanb\u1ed1ho\u1eb7cb\u1ea3o\u0111\u1ea3mn\u00e0o, d\u00f9l\u00e0r\u00f5r\u00e0ng hay ng\u1ee5 \u00fd. ScolioLife Pte Ltd kh\u00f4ng\u0111\u1ea1idi\u1ec7nho\u1eb7cb\u1ea3o\u0111\u1ea3mb\u1ea5tk\u1ef3\u0111i\u1ec1ug\u00ecli\u00eanquan\u0111\u1ebfnth\u00f4ng tin y t\u1ebfho\u1eb7cth\u00f4ng tin kh\u00e1ctrong\u1ee8ngd\u1ee5ngn\u00e0y.<\/p>\n<h2><strong>ScolioLife Pte Ltd kh\u00f4ng\u0111\u1ea3mb\u1ea3o:<\/strong><\/h2>\n<p>&#8211; Th\u00f4ng tin \u0111\u01b0\u1ee3ccungc\u1ea5pb\u1edfi\u1ee8ngd\u1ee5ngn\u00e0ys\u1ebdli\u00eant\u1ee5cc\u00f3s\u1eb5nho\u1eb7cc\u00f3s\u1eb5nto\u00e0nb\u1ed9;<\/p>\n<p>ho\u1eb7c<\/p>\n<p>&#8211; Th\u00f4ng tin \u0111\u01b0\u1ee3ccungc\u1ea5pb\u1edfi\u1ee8ngd\u1ee5ngn\u00e0yl\u00e0\u0111\u1ea7y\u0111\u1ee7, \u0111\u00fangs\u1ef1th\u1eadt, ch\u00ednhx\u00e1c, \u0111\u01b0\u1ee3cc\u1eadpnh\u1eadtho\u1eb7ckh\u00f4ngg\u00e2yhi\u1ec3ul\u1ea7m.<\/p>\n<p>SCOLIOLIFE PTE LTD KH\u00d4NG CH\u1ecaU TR\u00c1CH NHI\u1ec6M HO\u1eb6C \u0110\u1ea2M B\u1ea2O V\u1ec0 PH\u00c1P L\u00dd \u0110\u1ed0I V\u1edaI B\u1ea4T K\u1ef2 L\u1edcI KHUY\u00caN, T\u01af V\u1ea4N \u0110I\u1ec0U TR\u1eca, CH\u1ea8N \u0110O\u00c1N HO\u1eb6C B\u1ea4T K\u1ef2 TH\u00d4NG TIN, D\u1ecaCH V\u1ee4 HO\u1eb6C S\u1ea2N PH\u1ea8M N\u00c0O KH\u00c1C M\u00c0 B\u1ea0N C\u00d3 \u0110\u01af\u1ee2C TH\u00d4NG QUA VI\u1ec6C S\u1eec D\u1ee4NG \u1ee8NG D\u1ee4NG N\u00c0Y.<\/p>\n<p><strong>Khis\u1eedd\u1ee5ng\u1ee9ngd\u1ee5ngv\u00e0nh\u1ea5p<\/strong><strong>v\u00e0o \u00f4 n\u00e0y<\/strong><strong>, b\u1ea1n\u0111\u00e3x\u00e1cnh\u1eadnr\u1eb1ng:<\/strong><\/p>\n<p>&#8211; B\u1ea0N \u0110\u00c3 \u0110\u1eccC V\u00c0HI\u1ec2U KHUY\u1ebeN C\u00c1O Y T\u1ebe N\u00c0Y.<\/p>\n<p>&#8211; B\u1ea0N \u0110\u1ed2NG \u00dd V\u1edaI KHUY\u1ebeN C\u00c1O Y T\u1ebe N\u00c0Y.<\/p>\n<p>&#8211; B\u1ea0N \u0110\u1ed2NG \u00dd V\u1edaI V\u1ea4N \u0110\u1ec0 PH\u00c1P L\u00dd \u0110\u1ec0 C\u1eacP TRONG KHUY\u1ebeN C\u00c1O Y T\u1ebe N\u00c0Y, S\u1ebc C\u00d3 HI\u1ec6U L\u1ef0C NGAY KHI NH\u1ea4P V\u00c0O \u00d4 D\u01af\u1edaI \u0110\u00c2Y.<\/p>\n<p>N\u1ebeU B\u1ea0N KH\u00d4NG \u0110\u1ed2NG \u00dd V\u1ec0 TR\u00c1CH NHI\u1ec6M PH\u00c1P L\u00dd T\u1eea KHUY\u1ebeN C\u00c1O Y T\u1ebe N\u00c0Y, B\u1ea0N C\u00d3 TH\u1ec2 KH\u00d4NG TH\u1ec2TRUY C\u1eacP \u1ee8NG D\u1ee4NG, \u0110\u0102NG K\u00dd \u1ee8NG D\u1ee4NG D\u01af\u1edaI T\u00caN C\u1ee6A B\u1ea0N HO\u1eb6C S\u1eec D\u1ee4NG \u1ee8NG D\u1ee4NG.<\/p>\n<p>&nbsp;<\/p>\n","protected":false},"excerpt":{"rendered":"<p>Khuy\u1ebfnc\u00e1ov\u1ec1\u1ee9ngd\u1ee5ng y t\u1ebf Khuy\u1ebfnc\u00e1o y t\u1ebf S\u1eeda\u0111\u1ed5iv\u00e0o 27\/6\/2022 Kh\u00f4ng\u0111\u01b0\u1ee3c xem l\u00e0l\u1eddikhuy\u00ean \u1ee8ngd\u1ee5ngScolioTrackn\u00e0y (\u201c\u1ee8ngd\u1ee5ng\u201d) ch\u1ec9\u0111\u1ec3cungc\u1ea5pth\u00f4ng tin, kh\u00f4ngph\u1ea3il\u00e0l\u1eddikhuy\u00eanv\u1ec1 y t\u1ebfho\u1eb7c\u0111\u1ec3\u0111i\u1ec1utr\u1ecb, v\u00e0ng\u01b0\u1eddid\u00f9ng kh\u00f4ng n\u00ean \u0111i\u1ec1utr\u1ecbd\u1ef1av\u00e0och\u00fang. Do \u0111\u00f3, kh\u00f4ngth\u1ec3d\u1ef1av\u00e0o\u1ee8ngd\u1ee5ngn\u00e0ychoc\u00e1cm\u1ee5c\u0111\u00edchch\u1ea9n\u0111o\u00e1n y t\u1ebfho\u1eb7cnh\u01b0t\u01b0v\u1ea5ntrongch\u0103ms\u00f3cho\u1eb7c\u0111i\u1ec1utr\u1ecb y t\u1ebf. Th\u00f4ng tin tr\u00ean\u1ee8ngd\u1ee5ngn\u00e0ykh\u00f4ngth\u1ec3thayth\u1ebfchol\u1eddikhuy\u00ean, ch\u1ea9n\u0111o\u00e1nho\u1eb7c\u0111i\u1ec1utr\u1ecb y t\u1ebfchuy\u00eannghi\u1ec7p. T\u1ea5tc\u1ea3n\u1ed9i dung, bao g\u1ed3mv\u0103nb\u1ea3n, \u0111\u1ed3h\u1ecda, h\u00ecnh\u1ea3nhv\u00e0th\u00f4ng tin, ch\u1ee9a trong ho\u1eb7cl\u1ea5yt\u1eeb\u1ee8ngd\u1ee5ngn\u00e0ych\u1ec9d\u00e0nhchom\u1ee5c\u0111\u00edchth\u00f4ng tin thamkh\u1ea3o. T\u01b0v\u1ea5nv\u00e0h\u1ed7tr\u1ee3yt\u1ebfChuy\u00eannghi\u1ec7p Ch\u00fang t\u00f4ikhuy\u1ebfnkh\u00edchb\u1ea1n n\u00ean x\u00e1cnh\u1eadnb\u1ea5tk\u1ef3th\u00f4ng tin n\u00e0onh\u1eadnv\u1ec1t\u1eebho\u1eb7cth\u00f4ng qua [&hellip;]<\/p>\n","protected":false},"author":1,"featured_media":0,"parent":0,"menu_order":0,"comment_status":"closed","ping_status":"closed","template":"","meta":{"footnotes":""},"class_list":["post-9012","page","type-page","status-publish","hentry"],"yoast_head":"<!-- This site is optimized with the Yoast SEO plugin v27.4 - https:\/\/yoast.com\/product\/yoast-seo-wordpress\/ -->\n<title>Tuy\u00ean b\u1ed1 t\u1eeb ch\u1ed1i tr\u00e1ch nhi\u1ec7m | ScolioTrack<\/title>\n<meta name=\"robots\" content=\"index, follow, max-snippet:-1, max-image-preview:large, max-video-preview:-1\" \/>\n<link rel=\"canonical\" href=\"https:\/\/scoliotrack.com\/vi\/disclaimer\/\" \/>\n<meta property=\"og:locale\" content=\"vi_VN\" \/>\n<meta property=\"og:type\" content=\"article\" \/>\n<meta property=\"og:title\" content=\"Tuy\u00ean b\u1ed1 t\u1eeb ch\u1ed1i tr\u00e1ch nhi\u1ec7m | ScolioTrack\" \/>\n<meta property=\"og:description\" content=\"Khuy\u1ebfnc\u00e1ov\u1ec1\u1ee9ngd\u1ee5ng y t\u1ebf Khuy\u1ebfnc\u00e1o y t\u1ebf S\u1eeda\u0111\u1ed5iv\u00e0o 27\/6\/2022 Kh\u00f4ng\u0111\u01b0\u1ee3c xem l\u00e0l\u1eddikhuy\u00ean \u1ee8ngd\u1ee5ngScolioTrackn\u00e0y (\u201c\u1ee8ngd\u1ee5ng\u201d) ch\u1ec9\u0111\u1ec3cungc\u1ea5pth\u00f4ng tin, kh\u00f4ngph\u1ea3il\u00e0l\u1eddikhuy\u00eanv\u1ec1 y t\u1ebfho\u1eb7c\u0111\u1ec3\u0111i\u1ec1utr\u1ecb, v\u00e0ng\u01b0\u1eddid\u00f9ng kh\u00f4ng n\u00ean \u0111i\u1ec1utr\u1ecbd\u1ef1av\u00e0och\u00fang. Do \u0111\u00f3, kh\u00f4ngth\u1ec3d\u1ef1av\u00e0o\u1ee8ngd\u1ee5ngn\u00e0ychoc\u00e1cm\u1ee5c\u0111\u00edchch\u1ea9n\u0111o\u00e1n y t\u1ebfho\u1eb7cnh\u01b0t\u01b0v\u1ea5ntrongch\u0103ms\u00f3cho\u1eb7c\u0111i\u1ec1utr\u1ecb y t\u1ebf. Th\u00f4ng tin tr\u00ean\u1ee8ngd\u1ee5ngn\u00e0ykh\u00f4ngth\u1ec3thayth\u1ebfchol\u1eddikhuy\u00ean, ch\u1ea9n\u0111o\u00e1nho\u1eb7c\u0111i\u1ec1utr\u1ecb y t\u1ebfchuy\u00eannghi\u1ec7p. T\u1ea5tc\u1ea3n\u1ed9i dung, bao g\u1ed3mv\u0103nb\u1ea3n, \u0111\u1ed3h\u1ecda, h\u00ecnh\u1ea3nhv\u00e0th\u00f4ng tin, ch\u1ee9a trong ho\u1eb7cl\u1ea5yt\u1eeb\u1ee8ngd\u1ee5ngn\u00e0ych\u1ec9d\u00e0nhchom\u1ee5c\u0111\u00edchth\u00f4ng tin thamkh\u1ea3o. T\u01b0v\u1ea5nv\u00e0h\u1ed7tr\u1ee3yt\u1ebfChuy\u00eannghi\u1ec7p Ch\u00fang t\u00f4ikhuy\u1ebfnkh\u00edchb\u1ea1n n\u00ean x\u00e1cnh\u1eadnb\u1ea5tk\u1ef3th\u00f4ng tin n\u00e0onh\u1eadnv\u1ec1t\u1eebho\u1eb7cth\u00f4ng qua [&hellip;]\" \/>\n<meta property=\"og:url\" content=\"https:\/\/scoliotrack.com\/vi\/disclaimer\/\" \/>\n<meta property=\"og:site_name\" content=\"ScolioTrack\" \/>\n<meta property=\"article:publisher\" content=\"https:\/\/www.facebook.com\/scoliolife\" \/>\n<meta property=\"article:modified_time\" content=\"2023-04-26T13:14:36+00:00\" \/>\n<meta name=\"twitter:card\" content=\"summary_large_image\" \/>\n<meta name=\"twitter:site\" content=\"@scoliolife\" \/>\n<meta name=\"twitter:label1\" content=\"Est. reading time\" \/>\n\t<meta name=\"twitter:data1\" content=\"2 minutes\" \/>\n<script type=\"application\/ld+json\" class=\"yoast-schema-graph\">{\"@context\":\"https:\\\/\\\/schema.org\",\"@graph\":[{\"@type\":\"WebPage\",\"@id\":\"https:\\\/\\\/scoliotrack.com\\\/vi\\\/disclaimer\\\/\",\"url\":\"https:\\\/\\\/scoliotrack.com\\\/vi\\\/disclaimer\\\/\",\"name\":\"Tuy\u00ean b\u1ed1 t\u1eeb ch\u1ed1i tr\u00e1ch nhi\u1ec7m | ScolioTrack\",\"isPartOf\":{\"@id\":\"https:\\\/\\\/scoliotrack.com\\\/#website\"},\"datePublished\":\"2022-06-13T03:42:52+00:00\",\"dateModified\":\"2023-04-26T13:14:36+00:00\",\"breadcrumb\":{\"@id\":\"https:\\\/\\\/scoliotrack.com\\\/vi\\\/disclaimer\\\/#breadcrumb\"},\"inLanguage\":\"vi-VN\",\"potentialAction\":[{\"@type\":\"ReadAction\",\"target\":[\"https:\\\/\\\/scoliotrack.com\\\/vi\\\/disclaimer\\\/\"]}]},{\"@type\":\"BreadcrumbList\",\"@id\":\"https:\\\/\\\/scoliotrack.com\\\/vi\\\/disclaimer\\\/#breadcrumb\",\"itemListElement\":[{\"@type\":\"ListItem\",\"position\":1,\"name\":\"Home\",\"item\":\"https:\\\/\\\/scoliotrack.com\\\/vi\\\/\"},{\"@type\":\"ListItem\",\"position\":2,\"name\":\"Tuy\u00ean b\u1ed1 t\u1eeb ch\u1ed1i tr\u00e1ch nhi\u1ec7m\"}]},{\"@type\":\"WebSite\",\"@id\":\"https:\\\/\\\/scoliotrack.com\\\/#website\",\"url\":\"https:\\\/\\\/scoliotrack.com\\\/\",\"name\":\"ScolioTrack\",\"description\":\"ScolioTrack App by ScolioLife\u2122\",\"publisher\":{\"@id\":\"https:\\\/\\\/scoliotrack.com\\\/#organization\"},\"potentialAction\":[{\"@type\":\"SearchAction\",\"target\":{\"@type\":\"EntryPoint\",\"urlTemplate\":\"https:\\\/\\\/scoliotrack.com\\\/?s={search_term_string}\"},\"query-input\":{\"@type\":\"PropertyValueSpecification\",\"valueRequired\":true,\"valueName\":\"search_term_string\"}}],\"inLanguage\":\"vi-VN\"},{\"@type\":\"Organization\",\"@id\":\"https:\\\/\\\/scoliotrack.com\\\/#organization\",\"name\":\"ScolioLife Pte Ltd\",\"alternateName\":\"ScolioLife\",\"url\":\"https:\\\/\\\/scoliotrack.com\\\/\",\"logo\":{\"@type\":\"ImageObject\",\"inLanguage\":\"vi-VN\",\"@id\":\"https:\\\/\\\/scoliotrack.com\\\/#\\\/schema\\\/logo\\\/image\\\/\",\"url\":\"https:\\\/\\\/scoliotrack.com\\\/wp-content\\\/uploads\\\/2022\\\/06\\\/cropped-ScolioLife-LogoRectangle-White-1.png\",\"contentUrl\":\"https:\\\/\\\/scoliotrack.com\\\/wp-content\\\/uploads\\\/2022\\\/06\\\/cropped-ScolioLife-LogoRectangle-White-1.png\",\"width\":377,\"height\":100,\"caption\":\"ScolioLife Pte Ltd\"},\"image\":{\"@id\":\"https:\\\/\\\/scoliotrack.com\\\/#\\\/schema\\\/logo\\\/image\\\/\"},\"sameAs\":[\"https:\\\/\\\/www.facebook.com\\\/scoliolife\",\"https:\\\/\\\/x.com\\\/scoliolife\",\"https:\\\/\\\/www.instagram.com\\\/scoliolife\\\/\"]}]}<\/script>\n<!-- \/ Yoast SEO plugin. -->","yoast_head_json":{"title":"Tuy\u00ean b\u1ed1 t\u1eeb ch\u1ed1i tr\u00e1ch nhi\u1ec7m | ScolioTrack","robots":{"index":"index","follow":"follow","max-snippet":"max-snippet:-1","max-image-preview":"max-image-preview:large","max-video-preview":"max-video-preview:-1"},"canonical":"https:\/\/scoliotrack.com\/vi\/disclaimer\/","og_locale":"vi_VN","og_type":"article","og_title":"Tuy\u00ean b\u1ed1 t\u1eeb ch\u1ed1i tr\u00e1ch nhi\u1ec7m | ScolioTrack","og_description":"Khuy\u1ebfnc\u00e1ov\u1ec1\u1ee9ngd\u1ee5ng y t\u1ebf Khuy\u1ebfnc\u00e1o y t\u1ebf S\u1eeda\u0111\u1ed5iv\u00e0o 27\/6\/2022 Kh\u00f4ng\u0111\u01b0\u1ee3c xem l\u00e0l\u1eddikhuy\u00ean \u1ee8ngd\u1ee5ngScolioTrackn\u00e0y (\u201c\u1ee8ngd\u1ee5ng\u201d) ch\u1ec9\u0111\u1ec3cungc\u1ea5pth\u00f4ng tin, kh\u00f4ngph\u1ea3il\u00e0l\u1eddikhuy\u00eanv\u1ec1 y t\u1ebfho\u1eb7c\u0111\u1ec3\u0111i\u1ec1utr\u1ecb, v\u00e0ng\u01b0\u1eddid\u00f9ng kh\u00f4ng n\u00ean \u0111i\u1ec1utr\u1ecbd\u1ef1av\u00e0och\u00fang. Do \u0111\u00f3, kh\u00f4ngth\u1ec3d\u1ef1av\u00e0o\u1ee8ngd\u1ee5ngn\u00e0ychoc\u00e1cm\u1ee5c\u0111\u00edchch\u1ea9n\u0111o\u00e1n y t\u1ebfho\u1eb7cnh\u01b0t\u01b0v\u1ea5ntrongch\u0103ms\u00f3cho\u1eb7c\u0111i\u1ec1utr\u1ecb y t\u1ebf. Th\u00f4ng tin tr\u00ean\u1ee8ngd\u1ee5ngn\u00e0ykh\u00f4ngth\u1ec3thayth\u1ebfchol\u1eddikhuy\u00ean, ch\u1ea9n\u0111o\u00e1nho\u1eb7c\u0111i\u1ec1utr\u1ecb y t\u1ebfchuy\u00eannghi\u1ec7p. T\u1ea5tc\u1ea3n\u1ed9i dung, bao g\u1ed3mv\u0103nb\u1ea3n, \u0111\u1ed3h\u1ecda, h\u00ecnh\u1ea3nhv\u00e0th\u00f4ng tin, ch\u1ee9a trong ho\u1eb7cl\u1ea5yt\u1eeb\u1ee8ngd\u1ee5ngn\u00e0ych\u1ec9d\u00e0nhchom\u1ee5c\u0111\u00edchth\u00f4ng tin thamkh\u1ea3o. T\u01b0v\u1ea5nv\u00e0h\u1ed7tr\u1ee3yt\u1ebfChuy\u00eannghi\u1ec7p Ch\u00fang t\u00f4ikhuy\u1ebfnkh\u00edchb\u1ea1n n\u00ean x\u00e1cnh\u1eadnb\u1ea5tk\u1ef3th\u00f4ng tin n\u00e0onh\u1eadnv\u1ec1t\u1eebho\u1eb7cth\u00f4ng qua [&hellip;]","og_url":"https:\/\/scoliotrack.com\/vi\/disclaimer\/","og_site_name":"ScolioTrack","article_publisher":"https:\/\/www.facebook.com\/scoliolife","article_modified_time":"2023-04-26T13:14:36+00:00","twitter_card":"summary_large_image","twitter_site":"@scoliolife","twitter_misc":{"Est. reading time":"2 minutes"},"schema":{"@context":"https:\/\/schema.org","@graph":[{"@type":"WebPage","@id":"https:\/\/scoliotrack.com\/vi\/disclaimer\/","url":"https:\/\/scoliotrack.com\/vi\/disclaimer\/","name":"Tuy\u00ean b\u1ed1 t\u1eeb ch\u1ed1i tr\u00e1ch nhi\u1ec7m | ScolioTrack","isPartOf":{"@id":"https:\/\/scoliotrack.com\/#website"},"datePublished":"2022-06-13T03:42:52+00:00","dateModified":"2023-04-26T13:14:36+00:00","breadcrumb":{"@id":"https:\/\/scoliotrack.com\/vi\/disclaimer\/#breadcrumb"},"inLanguage":"vi-VN","potentialAction":[{"@type":"ReadAction","target":["https:\/\/scoliotrack.com\/vi\/disclaimer\/"]}]},{"@type":"BreadcrumbList","@id":"https:\/\/scoliotrack.com\/vi\/disclaimer\/#breadcrumb","itemListElement":[{"@type":"ListItem","position":1,"name":"Home","item":"https:\/\/scoliotrack.com\/vi\/"},{"@type":"ListItem","position":2,"name":"Tuy\u00ean b\u1ed1 t\u1eeb ch\u1ed1i tr\u00e1ch nhi\u1ec7m"}]},{"@type":"WebSite","@id":"https:\/\/scoliotrack.com\/#website","url":"https:\/\/scoliotrack.com\/","name":"ScolioTrack","description":"ScolioTrack App by ScolioLife\u2122","publisher":{"@id":"https:\/\/scoliotrack.com\/#organization"},"potentialAction":[{"@type":"SearchAction","target":{"@type":"EntryPoint","urlTemplate":"https:\/\/scoliotrack.com\/?s={search_term_string}"},"query-input":{"@type":"PropertyValueSpecification","valueRequired":true,"valueName":"search_term_string"}}],"inLanguage":"vi-VN"},{"@type":"Organization","@id":"https:\/\/scoliotrack.com\/#organization","name":"ScolioLife Pte Ltd","alternateName":"ScolioLife","url":"https:\/\/scoliotrack.com\/","logo":{"@type":"ImageObject","inLanguage":"vi-VN","@id":"https:\/\/scoliotrack.com\/#\/schema\/logo\/image\/","url":"https:\/\/scoliotrack.com\/wp-content\/uploads\/2022\/06\/cropped-ScolioLife-LogoRectangle-White-1.png","contentUrl":"https:\/\/scoliotrack.com\/wp-content\/uploads\/2022\/06\/cropped-ScolioLife-LogoRectangle-White-1.png","width":377,"height":100,"caption":"ScolioLife Pte Ltd"},"image":{"@id":"https:\/\/scoliotrack.com\/#\/schema\/logo\/image\/"},"sameAs":["https:\/\/www.facebook.com\/scoliolife","https:\/\/x.com\/scoliolife","https:\/\/www.instagram.com\/scoliolife\/"]}]}},"_links":{"self":[{"href":"https:\/\/scoliotrack.com\/vi\/wp-json\/wp\/v2\/pages\/9012","targetHints":{"allow":["GET"]}}],"collection":[{"href":"https:\/\/scoliotrack.com\/vi\/wp-json\/wp\/v2\/pages"}],"about":[{"href":"https:\/\/scoliotrack.com\/vi\/wp-json\/wp\/v2\/types\/page"}],"author":[{"embeddable":true,"href":"https:\/\/scoliotrack.com\/vi\/wp-json\/wp\/v2\/users\/1"}],"replies":[{"embeddable":true,"href":"https:\/\/scoliotrack.com\/vi\/wp-json\/wp\/v2\/comments?post=9012"}],"version-history":[{"count":4,"href":"https:\/\/scoliotrack.com\/vi\/wp-json\/wp\/v2\/pages\/9012\/revisions"}],"predecessor-version":[{"id":18821,"href":"https:\/\/scoliotrack.com\/vi\/wp-json\/wp\/v2\/pages\/9012\/revisions\/18821"}],"wp:attachment":[{"href":"https:\/\/scoliotrack.com\/vi\/wp-json\/wp\/v2\/media?parent=9012"}],"curies":[{"name":"wp","href":"https:\/\/api.w.org\/{rel}","templated":true}]}}