{"id":9010,"date":"2022-06-13T09:12:52","date_gmt":"2022-06-13T03:42:52","guid":{"rendered":"https:\/\/scoliotrack.com\/disclaimer-2\/"},"modified":"2023-04-26T18:43:38","modified_gmt":"2023-04-26T13:13:38","slug":"disclaimer","status":"publish","type":"page","link":"https:\/\/scoliotrack.com\/sv\/disclaimer\/","title":{"rendered":"Ansvarsfriskrivning"},"content":{"rendered":"<h2 style=\"text-align: center;\"><strong>appenmedicinskAnsvarsfriskrivning<\/strong><\/h2>\n<p style=\"text-align: center;\">Medicinskansvarsfriskrivning<\/p>\n<p style=\"text-align: center;\">Reviderad 27 juni 2022<\/p>\n<h2><strong>Inga r\u00e5d<\/strong><\/h2>\n<p>Denna ScolioTrack-app (&#8221;App&#8221;) ger endast information, \u00e4rintemedicinskellerbehandlingsm\u00e4ssigr\u00e5dgivningochf\u00e5rintebehandlassoms\u00e5danavanv\u00e4ndaren.Appen f\u00e5rd\u00e4rf\u00f6rinteanv\u00e4ndasf\u00f6rmedicinskdiagnosellersomenrekommendationf\u00f6rmedicinskv\u00e5rdellerbehandling.Informationeni den h\u00e4rappeners\u00e4tterinteprofessionellmedicinskr\u00e5dgivning, diagnosellerbehandling.Alltinneh\u00e5ll, inklusive text, grafik, bilderoch information, somfinnsp\u00e5eller\u00e4rtillg\u00e4ngligt via denna app \u00e4rendastavsettf\u00f6rallm\u00e4n information.<\/p>\n<p><strong>Professionellmedicinskr\u00e5dgivningochassistans<\/strong><br \/>\nDu uppmanasstarktattbekr\u00e4fta all information som du f\u00e5rfr\u00e5neller via denna app med din l\u00e4kareellerannanprofessionellv\u00e5rdgivareochattgranska all information om medicinskatillst\u00e5ndellerbehandling med din l\u00e4kareellerannanprofessionellv\u00e5rdgivare.<\/p>\n<h2><strong>Ingen tillit<\/strong><\/h2>\n<p>DU F\u00c5R ALDRIG F\u00d6RLITA DIG P\u00c5 INFORMATION SOM ERH\u00c5LLITS MED HJ\u00c4LP AV DEN H\u00c4R APPEN F\u00d6R ATT ST\u00c4LLA EN DIAGNOS ELLER REKOMMENDERA MEDICINSK BEHANDLING. DU F\u00c5R ALDRIG F\u00d6RLITA DIG P\u00c5 DEN INFORMATION DU F\u00c5R FR\u00c5N DENNA APP SOM ETT ALTERNATIV TILL MEDICINSK R\u00c5DGIVNING FR\u00c5N DIN L\u00c4KARE ELLER ANNAN PROFESSIONELL V\u00c5RDGIVARE.<\/p>\n<p>DU F\u00c5R ALDRIG IGNORERA PROFESSIONELL MEDICINSK R\u00c5DGIVNING ELLER V\u00c4NTA MED ATT S\u00d6KA MEDICINSK BEHANDLING TILL F\u00d6LJD AV INFORMATION SOM DU HAR SETT P\u00c5 ELLER F\u00c5TT TILLG\u00c5NG TILL VIA DENNA APP. OM DU HAR SPECIFIKA FR\u00c5GOR OM N\u00c5GOT MEDICINSKT \u00c4RENDE B\u00d6R DU KONTAKTA DIN L\u00c4KARE ELLER ANNAN PROFESSIONELL V\u00c5RDGIVARE. OM DU TROR ATT DU LIDER AV N\u00c5GOT MEDICINSKT TILLST\u00c5ND B\u00d6R DU S\u00d6KA OMEDELBAR L\u00c4KARV\u00c5RD.<\/p>\n<h2><strong>Ingen garanti<\/strong><\/h2>\n<p>Den information somtillhandah\u00e5llsavdenna app tillhandah\u00e5lls &#8221;ibefintligtskick&#8221; utann\u00e5grasomhelstrepresentationerellergarantier, uttryckligaellerunderf\u00f6rst\u00e5dda. ScolioLife Pte Ltd g\u00f6r inga utf\u00e4stelserellergarantierif\u00f6rh\u00e5llande till medicinskellerannan information idenna app.<\/p>\n<h2><strong>ScolioLife Pte Ltd garanterarinteatt:<\/strong><\/h2>\n<p>&#8211; Den information somtillhandah\u00e5llsavdenna app kommerattvarast\u00e4ndigttillg\u00e4nglig, ellertillg\u00e4nglig\u00f6verhuvudtaget;<br \/>\neller<br \/>\n&#8211; Den information somtillhandah\u00e5llsidenna app \u00e4rfullst\u00e4ndig, sann, korrekt, uppdateradochintevilseledande.<\/p>\n<p>SCOLIOLIFE PTE LTD ANSVARAR INTE F\u00d6R R\u00c5D, BEHANDLING, DIAGNOSER ELLER ANNAN INFORMATION, TJ\u00c4NSTER ELLER PRODUKTER SOM DU F\u00c5R GENOM ATT ANV\u00c4NDA DENNA APP.<\/p>\n<p><strong>Genomattanv\u00e4ndaappenochmarkerakryssrutanhar du godk\u00e4ntdetta:<\/strong><br \/>\n&#8211; DU HAR L\u00c4ST OCH F\u00d6RST\u00c5TT DENNA FRISKRIVNINGSKLAUSUL.<br \/>\n&#8211; DU GODK\u00c4NNER DENNA MEDICINSKA ANSVARSFRISKRIVNING.<br \/>\n&#8211; DU SAMTYCKER TILL ATT VARA JURIDISKT BUNDEN AV DENNA FRISKRIVNINGSKLAUSUL, SOM TR\u00c4DER I KRAFT OMEDELBART N\u00c4R DU KLICKAR P\u00c5 KRYSSRUTAN NEDAN.<\/p>\n<p>OM DU INTE SAMTYCKER TILL ATT VARA JURIDISKT BUNDEN AV DENNA ANSVARSFRISKRIVNING F\u00c5R DU INTE KOMMA \u00c5T APPEN, REGISTRERA APPEN I DITT NAMN ELLER ANV\u00c4NDA APPEN.<\/p>\n<p>&nbsp;<\/p>\n","protected":false},"excerpt":{"rendered":"<p>appenmedicinskAnsvarsfriskrivning Medicinskansvarsfriskrivning Reviderad 27 juni 2022 Inga r\u00e5d Denna ScolioTrack-app (&#8221;App&#8221;) ger endast information, \u00e4rintemedicinskellerbehandlingsm\u00e4ssigr\u00e5dgivningochf\u00e5rintebehandlassoms\u00e5danavanv\u00e4ndaren.Appen f\u00e5rd\u00e4rf\u00f6rinteanv\u00e4ndasf\u00f6rmedicinskdiagnosellersomenrekommendationf\u00f6rmedicinskv\u00e5rdellerbehandling.Informationeni den h\u00e4rappeners\u00e4tterinteprofessionellmedicinskr\u00e5dgivning, diagnosellerbehandling.Alltinneh\u00e5ll, inklusive text, grafik, bilderoch information, somfinnsp\u00e5eller\u00e4rtillg\u00e4ngligt via denna app \u00e4rendastavsettf\u00f6rallm\u00e4n information. Professionellmedicinskr\u00e5dgivningochassistans Du uppmanasstarktattbekr\u00e4fta all information som du f\u00e5rfr\u00e5neller via denna app med din l\u00e4kareellerannanprofessionellv\u00e5rdgivareochattgranska all information om medicinskatillst\u00e5ndellerbehandling med din l\u00e4kareellerannanprofessionellv\u00e5rdgivare. Ingen tillit DU F\u00c5R [&hellip;]<\/p>\n","protected":false},"author":1,"featured_media":0,"parent":0,"menu_order":0,"comment_status":"closed","ping_status":"closed","template":"","meta":{"footnotes":""},"class_list":["post-9010","page","type-page","status-publish","hentry"],"yoast_head":"<!-- This site is optimized with the Yoast SEO plugin v27.4 - https:\/\/yoast.com\/product\/yoast-seo-wordpress\/ -->\n<title>Ansvarsfriskrivning | ScolioTrack<\/title>\n<meta name=\"robots\" content=\"index, follow, max-snippet:-1, max-image-preview:large, max-video-preview:-1\" \/>\n<link rel=\"canonical\" href=\"https:\/\/scoliotrack.com\/sv\/disclaimer\/\" \/>\n<meta property=\"og:locale\" content=\"sv_SE\" \/>\n<meta property=\"og:type\" content=\"article\" \/>\n<meta property=\"og:title\" content=\"Ansvarsfriskrivning | ScolioTrack\" \/>\n<meta property=\"og:description\" content=\"appenmedicinskAnsvarsfriskrivning Medicinskansvarsfriskrivning Reviderad 27 juni 2022 Inga r\u00e5d Denna ScolioTrack-app (&#8221;App&#8221;) ger endast information, \u00e4rintemedicinskellerbehandlingsm\u00e4ssigr\u00e5dgivningochf\u00e5rintebehandlassoms\u00e5danavanv\u00e4ndaren.Appen f\u00e5rd\u00e4rf\u00f6rinteanv\u00e4ndasf\u00f6rmedicinskdiagnosellersomenrekommendationf\u00f6rmedicinskv\u00e5rdellerbehandling.Informationeni den h\u00e4rappeners\u00e4tterinteprofessionellmedicinskr\u00e5dgivning, diagnosellerbehandling.Alltinneh\u00e5ll, inklusive text, grafik, bilderoch information, somfinnsp\u00e5eller\u00e4rtillg\u00e4ngligt via denna app \u00e4rendastavsettf\u00f6rallm\u00e4n information. Professionellmedicinskr\u00e5dgivningochassistans Du uppmanasstarktattbekr\u00e4fta all information som du f\u00e5rfr\u00e5neller via denna app med din l\u00e4kareellerannanprofessionellv\u00e5rdgivareochattgranska all information om medicinskatillst\u00e5ndellerbehandling med din l\u00e4kareellerannanprofessionellv\u00e5rdgivare. Ingen tillit DU F\u00c5R [&hellip;]\" \/>\n<meta property=\"og:url\" content=\"https:\/\/scoliotrack.com\/sv\/disclaimer\/\" \/>\n<meta property=\"og:site_name\" content=\"ScolioTrack\" \/>\n<meta property=\"article:publisher\" content=\"https:\/\/www.facebook.com\/scoliolife\" \/>\n<meta property=\"article:modified_time\" content=\"2023-04-26T13:13:38+00:00\" \/>\n<meta name=\"twitter:card\" content=\"summary_large_image\" \/>\n<meta name=\"twitter:site\" content=\"@scoliolife\" \/>\n<meta name=\"twitter:label1\" content=\"Ber\u00e4knad l\u00e4stid\" \/>\n\t<meta name=\"twitter:data1\" content=\"2 minuter\" \/>\n<script type=\"application\/ld+json\" class=\"yoast-schema-graph\">{\"@context\":\"https:\\\/\\\/schema.org\",\"@graph\":[{\"@type\":\"WebPage\",\"@id\":\"https:\\\/\\\/scoliotrack.com\\\/sv\\\/disclaimer\\\/\",\"url\":\"https:\\\/\\\/scoliotrack.com\\\/sv\\\/disclaimer\\\/\",\"name\":\"Ansvarsfriskrivning | ScolioTrack\",\"isPartOf\":{\"@id\":\"https:\\\/\\\/scoliotrack.com\\\/#website\"},\"datePublished\":\"2022-06-13T03:42:52+00:00\",\"dateModified\":\"2023-04-26T13:13:38+00:00\",\"breadcrumb\":{\"@id\":\"https:\\\/\\\/scoliotrack.com\\\/sv\\\/disclaimer\\\/#breadcrumb\"},\"inLanguage\":\"sv-SE\",\"potentialAction\":[{\"@type\":\"ReadAction\",\"target\":[\"https:\\\/\\\/scoliotrack.com\\\/sv\\\/disclaimer\\\/\"]}]},{\"@type\":\"BreadcrumbList\",\"@id\":\"https:\\\/\\\/scoliotrack.com\\\/sv\\\/disclaimer\\\/#breadcrumb\",\"itemListElement\":[{\"@type\":\"ListItem\",\"position\":1,\"name\":\"Home\",\"item\":\"https:\\\/\\\/scoliotrack.com\\\/sv\\\/\"},{\"@type\":\"ListItem\",\"position\":2,\"name\":\"Ansvarsfriskrivning\"}]},{\"@type\":\"WebSite\",\"@id\":\"https:\\\/\\\/scoliotrack.com\\\/#website\",\"url\":\"https:\\\/\\\/scoliotrack.com\\\/\",\"name\":\"ScolioTrack\",\"description\":\"ScolioTrack App by ScolioLife\u2122\",\"publisher\":{\"@id\":\"https:\\\/\\\/scoliotrack.com\\\/#organization\"},\"potentialAction\":[{\"@type\":\"SearchAction\",\"target\":{\"@type\":\"EntryPoint\",\"urlTemplate\":\"https:\\\/\\\/scoliotrack.com\\\/?s={search_term_string}\"},\"query-input\":{\"@type\":\"PropertyValueSpecification\",\"valueRequired\":true,\"valueName\":\"search_term_string\"}}],\"inLanguage\":\"sv-SE\"},{\"@type\":\"Organization\",\"@id\":\"https:\\\/\\\/scoliotrack.com\\\/#organization\",\"name\":\"ScolioLife Pte Ltd\",\"alternateName\":\"ScolioLife\",\"url\":\"https:\\\/\\\/scoliotrack.com\\\/\",\"logo\":{\"@type\":\"ImageObject\",\"inLanguage\":\"sv-SE\",\"@id\":\"https:\\\/\\\/scoliotrack.com\\\/#\\\/schema\\\/logo\\\/image\\\/\",\"url\":\"https:\\\/\\\/scoliotrack.com\\\/wp-content\\\/uploads\\\/2022\\\/06\\\/cropped-ScolioLife-LogoRectangle-White-1.png\",\"contentUrl\":\"https:\\\/\\\/scoliotrack.com\\\/wp-content\\\/uploads\\\/2022\\\/06\\\/cropped-ScolioLife-LogoRectangle-White-1.png\",\"width\":377,\"height\":100,\"caption\":\"ScolioLife Pte Ltd\"},\"image\":{\"@id\":\"https:\\\/\\\/scoliotrack.com\\\/#\\\/schema\\\/logo\\\/image\\\/\"},\"sameAs\":[\"https:\\\/\\\/www.facebook.com\\\/scoliolife\",\"https:\\\/\\\/x.com\\\/scoliolife\",\"https:\\\/\\\/www.instagram.com\\\/scoliolife\\\/\"]}]}<\/script>\n<!-- \/ Yoast SEO plugin. -->","yoast_head_json":{"title":"Ansvarsfriskrivning | ScolioTrack","robots":{"index":"index","follow":"follow","max-snippet":"max-snippet:-1","max-image-preview":"max-image-preview:large","max-video-preview":"max-video-preview:-1"},"canonical":"https:\/\/scoliotrack.com\/sv\/disclaimer\/","og_locale":"sv_SE","og_type":"article","og_title":"Ansvarsfriskrivning | ScolioTrack","og_description":"appenmedicinskAnsvarsfriskrivning Medicinskansvarsfriskrivning Reviderad 27 juni 2022 Inga r\u00e5d Denna ScolioTrack-app (&#8221;App&#8221;) ger endast information, \u00e4rintemedicinskellerbehandlingsm\u00e4ssigr\u00e5dgivningochf\u00e5rintebehandlassoms\u00e5danavanv\u00e4ndaren.Appen f\u00e5rd\u00e4rf\u00f6rinteanv\u00e4ndasf\u00f6rmedicinskdiagnosellersomenrekommendationf\u00f6rmedicinskv\u00e5rdellerbehandling.Informationeni den h\u00e4rappeners\u00e4tterinteprofessionellmedicinskr\u00e5dgivning, diagnosellerbehandling.Alltinneh\u00e5ll, inklusive text, grafik, bilderoch information, somfinnsp\u00e5eller\u00e4rtillg\u00e4ngligt via denna app \u00e4rendastavsettf\u00f6rallm\u00e4n information. Professionellmedicinskr\u00e5dgivningochassistans Du uppmanasstarktattbekr\u00e4fta all information som du f\u00e5rfr\u00e5neller via denna app med din l\u00e4kareellerannanprofessionellv\u00e5rdgivareochattgranska all information om medicinskatillst\u00e5ndellerbehandling med din l\u00e4kareellerannanprofessionellv\u00e5rdgivare. Ingen tillit DU F\u00c5R [&hellip;]","og_url":"https:\/\/scoliotrack.com\/sv\/disclaimer\/","og_site_name":"ScolioTrack","article_publisher":"https:\/\/www.facebook.com\/scoliolife","article_modified_time":"2023-04-26T13:13:38+00:00","twitter_card":"summary_large_image","twitter_site":"@scoliolife","twitter_misc":{"Ber\u00e4knad l\u00e4stid":"2 minuter"},"schema":{"@context":"https:\/\/schema.org","@graph":[{"@type":"WebPage","@id":"https:\/\/scoliotrack.com\/sv\/disclaimer\/","url":"https:\/\/scoliotrack.com\/sv\/disclaimer\/","name":"Ansvarsfriskrivning | ScolioTrack","isPartOf":{"@id":"https:\/\/scoliotrack.com\/#website"},"datePublished":"2022-06-13T03:42:52+00:00","dateModified":"2023-04-26T13:13:38+00:00","breadcrumb":{"@id":"https:\/\/scoliotrack.com\/sv\/disclaimer\/#breadcrumb"},"inLanguage":"sv-SE","potentialAction":[{"@type":"ReadAction","target":["https:\/\/scoliotrack.com\/sv\/disclaimer\/"]}]},{"@type":"BreadcrumbList","@id":"https:\/\/scoliotrack.com\/sv\/disclaimer\/#breadcrumb","itemListElement":[{"@type":"ListItem","position":1,"name":"Home","item":"https:\/\/scoliotrack.com\/sv\/"},{"@type":"ListItem","position":2,"name":"Ansvarsfriskrivning"}]},{"@type":"WebSite","@id":"https:\/\/scoliotrack.com\/#website","url":"https:\/\/scoliotrack.com\/","name":"ScolioTrack","description":"ScolioTrack App by ScolioLife\u2122","publisher":{"@id":"https:\/\/scoliotrack.com\/#organization"},"potentialAction":[{"@type":"SearchAction","target":{"@type":"EntryPoint","urlTemplate":"https:\/\/scoliotrack.com\/?s={search_term_string}"},"query-input":{"@type":"PropertyValueSpecification","valueRequired":true,"valueName":"search_term_string"}}],"inLanguage":"sv-SE"},{"@type":"Organization","@id":"https:\/\/scoliotrack.com\/#organization","name":"ScolioLife Pte Ltd","alternateName":"ScolioLife","url":"https:\/\/scoliotrack.com\/","logo":{"@type":"ImageObject","inLanguage":"sv-SE","@id":"https:\/\/scoliotrack.com\/#\/schema\/logo\/image\/","url":"https:\/\/scoliotrack.com\/wp-content\/uploads\/2022\/06\/cropped-ScolioLife-LogoRectangle-White-1.png","contentUrl":"https:\/\/scoliotrack.com\/wp-content\/uploads\/2022\/06\/cropped-ScolioLife-LogoRectangle-White-1.png","width":377,"height":100,"caption":"ScolioLife Pte Ltd"},"image":{"@id":"https:\/\/scoliotrack.com\/#\/schema\/logo\/image\/"},"sameAs":["https:\/\/www.facebook.com\/scoliolife","https:\/\/x.com\/scoliolife","https:\/\/www.instagram.com\/scoliolife\/"]}]}},"_links":{"self":[{"href":"https:\/\/scoliotrack.com\/sv\/wp-json\/wp\/v2\/pages\/9010","targetHints":{"allow":["GET"]}}],"collection":[{"href":"https:\/\/scoliotrack.com\/sv\/wp-json\/wp\/v2\/pages"}],"about":[{"href":"https:\/\/scoliotrack.com\/sv\/wp-json\/wp\/v2\/types\/page"}],"author":[{"embeddable":true,"href":"https:\/\/scoliotrack.com\/sv\/wp-json\/wp\/v2\/users\/1"}],"replies":[{"embeddable":true,"href":"https:\/\/scoliotrack.com\/sv\/wp-json\/wp\/v2\/comments?post=9010"}],"version-history":[{"count":4,"href":"https:\/\/scoliotrack.com\/sv\/wp-json\/wp\/v2\/pages\/9010\/revisions"}],"predecessor-version":[{"id":18819,"href":"https:\/\/scoliotrack.com\/sv\/wp-json\/wp\/v2\/pages\/9010\/revisions\/18819"}],"wp:attachment":[{"href":"https:\/\/scoliotrack.com\/sv\/wp-json\/wp\/v2\/media?parent=9010"}],"curies":[{"name":"wp","href":"https:\/\/api.w.org\/{rel}","templated":true}]}}