{"id":9009,"date":"2022-06-13T09:12:52","date_gmt":"2022-06-13T03:42:52","guid":{"rendered":"https:\/\/scoliotrack.com\/disclaimer-2\/"},"modified":"2023-04-26T18:43:09","modified_gmt":"2023-04-26T13:13:09","slug":"disclaimer","status":"publish","type":"page","link":"https:\/\/scoliotrack.com\/sp-mx\/disclaimer\/","title":{"rendered":"Descargo de responsabilidad"},"content":{"rendered":"<h2 style=\"text-align: center;\"><strong>Exclusi\u00f3n de Responsabilidad M\u00e9dica de la Aplicaci\u00f3n<\/strong><\/h2>\n<p style=\"text-align: center;\">Exclusi\u00f3n de Responsabilidad M\u00e9dica<\/p>\n<p style=\"text-align: center;\">Revisado el 27 de junio de 2022<\/p>\n<h2><strong>Ning\u00fan consejo<\/strong><\/h2>\n<p>Esta aplicaci\u00f3n ScolioTrack (&#8220;Aplicaci\u00f3n)&#8221; proporciona solo informaci\u00f3n, no es un consejo m\u00e9dico o de tratamiento y no puede ser utilizada como tal por el usuario. Como tal, no se puede confiar en esta aplicaci\u00f3n para fines de diagn\u00f3stico m\u00e9dico o como recomendaci\u00f3n para atenci\u00f3n o tratamiento m\u00e9dico. La informaci\u00f3n de esta aplicaci\u00f3n no reemplaza el consejo, diagn\u00f3stico o tratamiento m\u00e9dico profesional. Todo el contenido, incluido el texto, los gr\u00e1ficos, las im\u00e1genes y la informaci\u00f3n, contenido o disponible a trav\u00e9s de esta aplicaci\u00f3n es solo para fines de informaci\u00f3n general.<\/p>\n<h2><strong>Asesoramiento y Asistencia M\u00e9dica Profesional<\/strong><\/h2>\n<p>Se le recomienda encarecidamente que confirme cualquier informaci\u00f3n obtenida de o a trav\u00e9s de esta aplicaci\u00f3n con su m\u00e9dico u otro proveedor de atenci\u00f3n m\u00e9dica profesional y que revise toda la informaci\u00f3n relativa a cualquier condici\u00f3n m\u00e9dica o tratamiento con su m\u00e9dico u otro proveedor de atenci\u00f3n medica profesional.<\/p>\n<h2><strong>Propiedad y Derechos<\/strong><\/h2>\n<p>NUNCA DEBE CONFIAR EN NINGUNA INFORMACI\u00d3N OBTENIDA UTILIZANDO ESTA APLICACI\u00d3N PARA CUALQUIER DIAGN\u00d3STICO O RECOMENDACI\u00d3N PARA EL TRATAMIENTO M\u00c9DICO. NUNCA DEBE CONFIAR EN LA INFORMACI\u00d3N RECIBIDA DE ESTA APLICACI\u00d3N COMO ALTERNATIVA AL CONSEJO M\u00c9DICO DE SU M\u00c9DICO U OTRO PROVEEDOR DE ATENCI\u00d3N M\u00c9DICA PROFESIONAL.<\/p>\n<p>NUNCA DEBE IGNORAR EL CONSEJO M\u00c9DICO PROFESIONAL O DEMORAR LA BUSQUEDA DE TRATAMIENTO M\u00c9DICO COMO RESULTADO DE CUALQUIER INFORMACI\u00d3N QUE HAYA VISTO O ACCEDIDO A TRAV\u00c9S DE ESTA APLICACI\u00d3N. SI TIENE ALGUNA PREGUNTA ESPEC\u00cdFICA SOBRE ALG\u00daN ASUNTO M\u00c9DICO, DEBE CONSULTAR A SU M\u00c9DICO U OTRO PROVEEDOR DE ATENCI\u00d3N M\u00c9DICA PROFESIONAL. SI PIENSA QUE PUEDE SUFRIR ALG\u00daN CONDICI\u00d3N M\u00c9DICA, DEBE BUSCAR ATENCI\u00d3N M\u00c9DICA INMEDIATA.<\/p>\n<h2><strong>Sin garant\u00eda<\/strong>.<\/h2>\n<p>La informaci\u00f3n provista por esta aplicaci\u00f3n se proporciona &#8220;tal cual&#8221; sin ninguna declaraci\u00f3n o garant\u00eda, expresa o impl\u00edcita. ScolioLife Pte Ltd no hace declaraciones ni garant\u00edas en relaci\u00f3n con la informaci\u00f3n m\u00e9dica o de otro tipo en esta aplicaci\u00f3n.<\/p>\n<h2><strong>ScolioLife Pte Ltd no garantiza lo siguiente:<\/strong><\/h2>\n<p>&#8211; La informaci\u00f3n proporcionada por esta aplicaci\u00f3n estar\u00e1 constantemente disponible o disponible en absoluto;<\/p>\n<p>o<\/p>\n<p>&#8211; La informaci\u00f3n proporcionada por esta aplicaci\u00f3n es completa, verdadera, precisa, actualizada o que no lleve al error.<\/p>\n<p>SCOLIOLIFE PTE LTD NO SE HACE RESPONSABLE POR NING\u00daN CONSEJO, CURSO DE TRATAMIENTO, DIAGN\u00d3STICO O CUALQUIER OTRA INFORMACI\u00d3N, SERVICIOS O PRODUCTOS QUE USTED OBTENGA A TRAV\u00c9S DEL USO DE ESTA APLICACI\u00d3N.<\/p>\n<p><strong>Al usar la aplicaci\u00f3n y marcar la casilla de verificaci\u00f3n, usted ha reconocido que:<\/strong><\/p>\n<p>&#8211; USTED HA LE\u00cdDO Y ENTIENDE ESTA EXCLUSI\u00d3N DE RESPONSABILIDAD M\u00c9DICA.<\/p>\n<p>&#8211; USTED EST\u00c1 DE ACUERDO CON ESTA EXCLUSI\u00d3N DE RESPONSABILIDAD M\u00c9DICA.<\/p>\n<p>&#8211; USTED ACEPTA ESTAR LEGALMENTE OBLIGADO POR ESTA EXCLUSI\u00d3N DE RESPONSABILIDAD M\u00c9DICA, QUE ENTRAR\u00c1 EN VIGOR INMEDIATAMENTE AL HACER CLIC EN LA CASILLA DE VERIFICACI\u00d3N A CONTINUACI\u00d3N.<\/p>\n<p>SI NO ACEPTA ESTAR LEGALMENTE OBLIGADO POR ESTA EXCLUSI\u00d3N DE RESPONSABILIDAD M\u00c9DICA, NO PUEDE ACCEDER A LA APLICACI\u00d3N, REGISTRAR LA APLICACI\u00d3N CON SU NOMBRE O USAR LA APLICACI\u00d3N.<\/p>\n","protected":false},"excerpt":{"rendered":"<p>Exclusi\u00f3n de Responsabilidad M\u00e9dica de la Aplicaci\u00f3n Exclusi\u00f3n de Responsabilidad M\u00e9dica Revisado el 27 de junio de 2022 Ning\u00fan consejo Esta aplicaci\u00f3n ScolioTrack (&#8220;Aplicaci\u00f3n)&#8221; proporciona solo informaci\u00f3n, no es un consejo m\u00e9dico o de tratamiento y no puede ser utilizada como tal por el usuario. Como tal, no se puede confiar en esta aplicaci\u00f3n para [&hellip;]<\/p>\n","protected":false},"author":1,"featured_media":0,"parent":0,"menu_order":0,"comment_status":"closed","ping_status":"closed","template":"","meta":{"footnotes":""},"class_list":["post-9009","page","type-page","status-publish","hentry"],"yoast_head":"<!-- This site is optimized with the Yoast SEO plugin v27.4 - https:\/\/yoast.com\/product\/yoast-seo-wordpress\/ -->\n<title>Descargo de responsabilidad | ScolioTrack<\/title>\n<meta name=\"robots\" content=\"index, follow, max-snippet:-1, max-image-preview:large, max-video-preview:-1\" \/>\n<link rel=\"canonical\" href=\"https:\/\/scoliotrack.com\/sp-mx\/disclaimer\/\" \/>\n<meta property=\"og:locale\" content=\"es_MX\" \/>\n<meta property=\"og:type\" content=\"article\" \/>\n<meta property=\"og:title\" content=\"Descargo de responsabilidad | ScolioTrack\" \/>\n<meta property=\"og:description\" content=\"Exclusi\u00f3n de Responsabilidad M\u00e9dica de la Aplicaci\u00f3n Exclusi\u00f3n de Responsabilidad M\u00e9dica Revisado el 27 de junio de 2022 Ning\u00fan consejo Esta aplicaci\u00f3n ScolioTrack (&#8220;Aplicaci\u00f3n)&#8221; proporciona solo informaci\u00f3n, no es un consejo m\u00e9dico o de tratamiento y no puede ser utilizada como tal por el usuario. Como tal, no se puede confiar en esta aplicaci\u00f3n para [&hellip;]\" \/>\n<meta property=\"og:url\" content=\"https:\/\/scoliotrack.com\/sp-mx\/disclaimer\/\" \/>\n<meta property=\"og:site_name\" content=\"ScolioTrack\" \/>\n<meta property=\"article:publisher\" content=\"https:\/\/www.facebook.com\/scoliolife\" \/>\n<meta property=\"article:modified_time\" content=\"2023-04-26T13:13:09+00:00\" \/>\n<meta name=\"twitter:card\" content=\"summary_large_image\" \/>\n<meta name=\"twitter:site\" content=\"@scoliolife\" \/>\n<meta name=\"twitter:label1\" content=\"Tiempo de lectura\" \/>\n\t<meta name=\"twitter:data1\" content=\"3 minutos\" \/>\n<script type=\"application\/ld+json\" class=\"yoast-schema-graph\">{\"@context\":\"https:\\\/\\\/schema.org\",\"@graph\":[{\"@type\":\"WebPage\",\"@id\":\"https:\\\/\\\/scoliotrack.com\\\/sp-mx\\\/disclaimer\\\/\",\"url\":\"https:\\\/\\\/scoliotrack.com\\\/sp-mx\\\/disclaimer\\\/\",\"name\":\"Descargo de responsabilidad | ScolioTrack\",\"isPartOf\":{\"@id\":\"https:\\\/\\\/scoliotrack.com\\\/#website\"},\"datePublished\":\"2022-06-13T03:42:52+00:00\",\"dateModified\":\"2023-04-26T13:13:09+00:00\",\"breadcrumb\":{\"@id\":\"https:\\\/\\\/scoliotrack.com\\\/sp-mx\\\/disclaimer\\\/#breadcrumb\"},\"inLanguage\":\"es\",\"potentialAction\":[{\"@type\":\"ReadAction\",\"target\":[\"https:\\\/\\\/scoliotrack.com\\\/sp-mx\\\/disclaimer\\\/\"]}]},{\"@type\":\"BreadcrumbList\",\"@id\":\"https:\\\/\\\/scoliotrack.com\\\/sp-mx\\\/disclaimer\\\/#breadcrumb\",\"itemListElement\":[{\"@type\":\"ListItem\",\"position\":1,\"name\":\"Home\",\"item\":\"https:\\\/\\\/scoliotrack.com\\\/sp-mx\\\/\"},{\"@type\":\"ListItem\",\"position\":2,\"name\":\"Descargo de responsabilidad\"}]},{\"@type\":\"WebSite\",\"@id\":\"https:\\\/\\\/scoliotrack.com\\\/#website\",\"url\":\"https:\\\/\\\/scoliotrack.com\\\/\",\"name\":\"ScolioTrack\",\"description\":\"ScolioTrack App by ScolioLife\u2122\",\"publisher\":{\"@id\":\"https:\\\/\\\/scoliotrack.com\\\/#organization\"},\"potentialAction\":[{\"@type\":\"SearchAction\",\"target\":{\"@type\":\"EntryPoint\",\"urlTemplate\":\"https:\\\/\\\/scoliotrack.com\\\/?s={search_term_string}\"},\"query-input\":{\"@type\":\"PropertyValueSpecification\",\"valueRequired\":true,\"valueName\":\"search_term_string\"}}],\"inLanguage\":\"es\"},{\"@type\":\"Organization\",\"@id\":\"https:\\\/\\\/scoliotrack.com\\\/#organization\",\"name\":\"ScolioLife Pte Ltd\",\"alternateName\":\"ScolioLife\",\"url\":\"https:\\\/\\\/scoliotrack.com\\\/\",\"logo\":{\"@type\":\"ImageObject\",\"inLanguage\":\"es\",\"@id\":\"https:\\\/\\\/scoliotrack.com\\\/#\\\/schema\\\/logo\\\/image\\\/\",\"url\":\"https:\\\/\\\/scoliotrack.com\\\/wp-content\\\/uploads\\\/2022\\\/06\\\/cropped-ScolioLife-LogoRectangle-White-1.png\",\"contentUrl\":\"https:\\\/\\\/scoliotrack.com\\\/wp-content\\\/uploads\\\/2022\\\/06\\\/cropped-ScolioLife-LogoRectangle-White-1.png\",\"width\":377,\"height\":100,\"caption\":\"ScolioLife Pte Ltd\"},\"image\":{\"@id\":\"https:\\\/\\\/scoliotrack.com\\\/#\\\/schema\\\/logo\\\/image\\\/\"},\"sameAs\":[\"https:\\\/\\\/www.facebook.com\\\/scoliolife\",\"https:\\\/\\\/x.com\\\/scoliolife\",\"https:\\\/\\\/www.instagram.com\\\/scoliolife\\\/\"]}]}<\/script>\n<!-- \/ Yoast SEO plugin. -->","yoast_head_json":{"title":"Descargo de responsabilidad | ScolioTrack","robots":{"index":"index","follow":"follow","max-snippet":"max-snippet:-1","max-image-preview":"max-image-preview:large","max-video-preview":"max-video-preview:-1"},"canonical":"https:\/\/scoliotrack.com\/sp-mx\/disclaimer\/","og_locale":"es_MX","og_type":"article","og_title":"Descargo de responsabilidad | ScolioTrack","og_description":"Exclusi\u00f3n de Responsabilidad M\u00e9dica de la Aplicaci\u00f3n Exclusi\u00f3n de Responsabilidad M\u00e9dica Revisado el 27 de junio de 2022 Ning\u00fan consejo Esta aplicaci\u00f3n ScolioTrack (&#8220;Aplicaci\u00f3n)&#8221; proporciona solo informaci\u00f3n, no es un consejo m\u00e9dico o de tratamiento y no puede ser utilizada como tal por el usuario. Como tal, no se puede confiar en esta aplicaci\u00f3n para [&hellip;]","og_url":"https:\/\/scoliotrack.com\/sp-mx\/disclaimer\/","og_site_name":"ScolioTrack","article_publisher":"https:\/\/www.facebook.com\/scoliolife","article_modified_time":"2023-04-26T13:13:09+00:00","twitter_card":"summary_large_image","twitter_site":"@scoliolife","twitter_misc":{"Tiempo de lectura":"3 minutos"},"schema":{"@context":"https:\/\/schema.org","@graph":[{"@type":"WebPage","@id":"https:\/\/scoliotrack.com\/sp-mx\/disclaimer\/","url":"https:\/\/scoliotrack.com\/sp-mx\/disclaimer\/","name":"Descargo de responsabilidad | ScolioTrack","isPartOf":{"@id":"https:\/\/scoliotrack.com\/#website"},"datePublished":"2022-06-13T03:42:52+00:00","dateModified":"2023-04-26T13:13:09+00:00","breadcrumb":{"@id":"https:\/\/scoliotrack.com\/sp-mx\/disclaimer\/#breadcrumb"},"inLanguage":"es","potentialAction":[{"@type":"ReadAction","target":["https:\/\/scoliotrack.com\/sp-mx\/disclaimer\/"]}]},{"@type":"BreadcrumbList","@id":"https:\/\/scoliotrack.com\/sp-mx\/disclaimer\/#breadcrumb","itemListElement":[{"@type":"ListItem","position":1,"name":"Home","item":"https:\/\/scoliotrack.com\/sp-mx\/"},{"@type":"ListItem","position":2,"name":"Descargo de responsabilidad"}]},{"@type":"WebSite","@id":"https:\/\/scoliotrack.com\/#website","url":"https:\/\/scoliotrack.com\/","name":"ScolioTrack","description":"ScolioTrack App by ScolioLife\u2122","publisher":{"@id":"https:\/\/scoliotrack.com\/#organization"},"potentialAction":[{"@type":"SearchAction","target":{"@type":"EntryPoint","urlTemplate":"https:\/\/scoliotrack.com\/?s={search_term_string}"},"query-input":{"@type":"PropertyValueSpecification","valueRequired":true,"valueName":"search_term_string"}}],"inLanguage":"es"},{"@type":"Organization","@id":"https:\/\/scoliotrack.com\/#organization","name":"ScolioLife Pte Ltd","alternateName":"ScolioLife","url":"https:\/\/scoliotrack.com\/","logo":{"@type":"ImageObject","inLanguage":"es","@id":"https:\/\/scoliotrack.com\/#\/schema\/logo\/image\/","url":"https:\/\/scoliotrack.com\/wp-content\/uploads\/2022\/06\/cropped-ScolioLife-LogoRectangle-White-1.png","contentUrl":"https:\/\/scoliotrack.com\/wp-content\/uploads\/2022\/06\/cropped-ScolioLife-LogoRectangle-White-1.png","width":377,"height":100,"caption":"ScolioLife Pte Ltd"},"image":{"@id":"https:\/\/scoliotrack.com\/#\/schema\/logo\/image\/"},"sameAs":["https:\/\/www.facebook.com\/scoliolife","https:\/\/x.com\/scoliolife","https:\/\/www.instagram.com\/scoliolife\/"]}]}},"_links":{"self":[{"href":"https:\/\/scoliotrack.com\/sp-mx\/wp-json\/wp\/v2\/pages\/9009","targetHints":{"allow":["GET"]}}],"collection":[{"href":"https:\/\/scoliotrack.com\/sp-mx\/wp-json\/wp\/v2\/pages"}],"about":[{"href":"https:\/\/scoliotrack.com\/sp-mx\/wp-json\/wp\/v2\/types\/page"}],"author":[{"embeddable":true,"href":"https:\/\/scoliotrack.com\/sp-mx\/wp-json\/wp\/v2\/users\/1"}],"replies":[{"embeddable":true,"href":"https:\/\/scoliotrack.com\/sp-mx\/wp-json\/wp\/v2\/comments?post=9009"}],"version-history":[{"count":3,"href":"https:\/\/scoliotrack.com\/sp-mx\/wp-json\/wp\/v2\/pages\/9009\/revisions"}],"predecessor-version":[{"id":18818,"href":"https:\/\/scoliotrack.com\/sp-mx\/wp-json\/wp\/v2\/pages\/9009\/revisions\/18818"}],"wp:attachment":[{"href":"https:\/\/scoliotrack.com\/sp-mx\/wp-json\/wp\/v2\/media?parent=9009"}],"curies":[{"name":"wp","href":"https:\/\/api.w.org\/{rel}","templated":true}]}}