{"id":9005,"date":"2022-06-13T09:12:52","date_gmt":"2022-06-13T03:42:52","guid":{"rendered":"https:\/\/scoliotrack.com\/disclaimer-2\/"},"modified":"2023-04-26T18:40:46","modified_gmt":"2023-04-26T13:10:46","slug":"disclaimer","status":"publish","type":"page","link":"https:\/\/scoliotrack.com\/pt-br\/disclaimer\/","title":{"rendered":"Isen\u00e7\u00e3o de responsabilidade"},"content":{"rendered":"<h2 style=\"text-align: center;\"><strong>Isen\u00e7\u00e3o de Responsabilidade M\u00e9dica do Aplicativo<\/strong><\/h2>\n<p style=\"text-align: center;\">Isen\u00e7\u00e3o de Responsabilidade M\u00e9dica<\/p>\n<p style=\"text-align: center;\">Revisado em 27 de junho de 2022<\/p>\n<h2><strong>N\u00e3o \u00e9 conselho<\/strong><\/h2>\n<p>Este aplicativo ScolioTrack (\u201cAplicativo)\u201d fornece apenas informa\u00e7\u00f5es, n\u00e3o \u00e9 aconselhamento m\u00e9dico ou de tratamento e n\u00e3o pode ser tratado como tal pelo usu\u00e1rio. Como tal, este Aplicativo n\u00e3o pode ser utilizado para fins de diagn\u00f3stico m\u00e9dico ou como recomenda\u00e7\u00e3o para cuidados ou tratamentos m\u00e9dicos. As informa\u00e7\u00f5es contidas neste aplicativo n\u00e3o substituem o aconselhamento m\u00e9dico profissional, diagn\u00f3stico ou tratamento. Todo o conte\u00fado, incluindo texto, gr\u00e1ficos, imagens e informa\u00e7\u00f5es, contidos ou dispon\u00edveis por meio deste aplicativo \u00e9 apenas para fins de informa\u00e7\u00e3o geral<\/p>\n<h2><strong>Aconselhamento e Assist\u00eancia M\u00e9dica Profissional<\/strong><\/h2>\n<p>Voc\u00ea \u00e9 fortemente encorajado a confirmar qualquer informa\u00e7\u00e3o obtida de ou atrav\u00e9s deste Aplicativo com seu m\u00e9dico ou outro profissional de sa\u00fade e revisar todas as informa\u00e7\u00f5es sobre qualquer condi\u00e7\u00e3o m\u00e9dica ou tratamento com seu m\u00e9dico ou outro profissional de sa\u00fade.<\/p>\n<h2><strong>Sem Confian\u00e7a<\/strong><\/h2>\n<p>VOC\u00ca NUNCA DEVE CONFIAR EM QUALQUER INFORMA\u00c7\u00c3O OBTIDA USANDO ESTE APLICATIVO PARA QUALQUER DIAGN\u00d3STICO OU RECOMENDA\u00c7\u00c3O DE TRATAMENTO M\u00c9DICO. VOC\u00ca NUNCA DEVE CONFIAR NAS INFORMA\u00c7\u00d5ES RECEBIDAS DESTE APLICATIVO COMO ALTERNATIVA AO ACONSELHAMENTO M\u00c9DICO DO SEU DOUTOR OU DE OUTRO PROFISSIONAL DE SA\u00daDE.<\/p>\n<p>VOC\u00ca NUNCA DEVE DESCONSIDERAR O ACONSELHAMENTO M\u00c9DICO PROFISSIONAL OU ATRASAR A BUSCA DE TRATAMENTO M\u00c9DICO COMO RESULTADO DE QUALQUER INFORMA\u00c7\u00c3O QUE VOC\u00ca VIU OU ACESSOU ATRAV\u00c9S DESTE APLICATIVO. SE VOC\u00ca TIVER D\u00daVIDAS ESPEC\u00cdFICAS SOBRE QUALQUER ASSUNTO M\u00c9DICO, VOC\u00ca DEVE CONSULTAR SEU M\u00c9DICO OU OUTRO PROFISSIONAL DE SA\u00daDE. SE VOC\u00ca ACHA QUE PODE ESTAR SOFRENDO DE QUALQUER CONDI\u00c7\u00c3O M\u00c9DICA, VOC\u00ca DEVE PROCURAR ASSIST\u00caNCIA M\u00c9DICA IMEDIATA.<\/p>\n<h2><strong>Sem Garantia<\/strong><\/h2>\n<p>As informa\u00e7\u00f5es fornecidas por este aplicativo s\u00e3o fornecidas &#8220;como est\u00e3o&#8221; sem quaisquer representa\u00e7\u00f5es ou garantias, expressas ou impl\u00edcitas. A ScolioLifePte Ltd n\u00e3o faz representa\u00e7\u00f5es ou garantias em rela\u00e7\u00e3o \u00e0s informa\u00e7\u00f5es m\u00e9dicas ou outras informa\u00e7\u00f5es contidas neste Aplicativo.<\/p>\n<h2><strong>A ScolioLifePte Ltd n\u00e3o garante que:<\/strong><\/h2>\n<p>&#8211; As informa\u00e7\u00f5es fornecidas por este App estar\u00e3o constantemente dispon\u00edveis ou dispon\u00edveis de qualquer forma;<\/p>\n<p>ou<\/p>\n<p>&#8211; As informa\u00e7\u00f5es fornecidas por este aplicativo s\u00e3o completas, verdadeiras, precisas, atualizadas ou n\u00e3o enganosas.<\/p>\n<p>&nbsp;<\/p>\n<p>A SCOLIOLIFE PTE LTD N\u00c3O SE RESPONSABILIZA POR QUALQUER CONSELHO, CURSO DE TRATAMENTO, DIAGN\u00d3STICO OU QUALQUER OUTRA INFORMA\u00c7\u00c3O, SERVI\u00c7OS OU PRODUTOS QUE VOC\u00ca OBTENHA ATRAV\u00c9S DO USO DESTE APLICATIVO.<\/p>\n<p><strong>Ao usar o aplicativo e marcar a caixa de sele\u00e7\u00e3o, voc\u00ea reconhece que:<\/strong><br \/>\n&#8211; VOC\u00ca LEU E ENTENDEU ESSAINSEN\u00c7\u00c3O M\u00c9DICA.<\/p>\n<p>&#8211; VOC\u00ca CONCORDA COM ESTA ISEN\u00c7\u00c3O DE RESPONSABILIDADE M\u00c9DICA.<\/p>\n<p>&#8211; VOC\u00ca CONCORDA EM FICAR LEGALMENTE VINCULADO A ESTA ISEN\u00c7\u00c3O DE RESPONSABILIDADE M\u00c9DICA, QUE ENTRAR\u00c1 EM EFEITO IMEDIATAMENTE AO CLICAR NA CAIXA DE VERIFICA\u00c7\u00c3O ABAIXO.<\/p>\n<p>&nbsp;<\/p>\n<p>SE VOC\u00ca N\u00c3O CONCORDA COM ESTAISEN\u00c7\u00c3O M\u00c9DICA, VOC\u00ca N\u00c3O PODE ACESSAR O APLICATIVO, REGISTRAR O APLICATIVO EM SEU NOME OU USAR O APLICATIVO.<\/p>\n<p>&nbsp;<\/p>\n","protected":false},"excerpt":{"rendered":"<p>Isen\u00e7\u00e3o de Responsabilidade M\u00e9dica do Aplicativo Isen\u00e7\u00e3o de Responsabilidade M\u00e9dica Revisado em 27 de junho de 2022 N\u00e3o \u00e9 conselho Este aplicativo ScolioTrack (\u201cAplicativo)\u201d fornece apenas informa\u00e7\u00f5es, n\u00e3o \u00e9 aconselhamento m\u00e9dico ou de tratamento e n\u00e3o pode ser tratado como tal pelo usu\u00e1rio. Como tal, este Aplicativo n\u00e3o pode ser utilizado para fins de diagn\u00f3stico [&hellip;]<\/p>\n","protected":false},"author":1,"featured_media":0,"parent":0,"menu_order":0,"comment_status":"closed","ping_status":"closed","template":"","meta":{"footnotes":""},"class_list":["post-9005","page","type-page","status-publish","hentry"],"yoast_head":"<!-- This site is optimized with the Yoast SEO plugin v27.4 - https:\/\/yoast.com\/product\/yoast-seo-wordpress\/ -->\n<title>Isen\u00e7\u00e3o de responsabilidade | ScolioTrack<\/title>\n<meta name=\"robots\" content=\"index, follow, max-snippet:-1, max-image-preview:large, max-video-preview:-1\" \/>\n<link rel=\"canonical\" href=\"https:\/\/scoliotrack.com\/pt-br\/disclaimer\/\" \/>\n<meta property=\"og:locale\" content=\"pt_BR\" \/>\n<meta property=\"og:type\" content=\"article\" \/>\n<meta property=\"og:title\" content=\"Isen\u00e7\u00e3o de responsabilidade | ScolioTrack\" \/>\n<meta property=\"og:description\" content=\"Isen\u00e7\u00e3o de Responsabilidade M\u00e9dica do Aplicativo Isen\u00e7\u00e3o de Responsabilidade M\u00e9dica Revisado em 27 de junho de 2022 N\u00e3o \u00e9 conselho Este aplicativo ScolioTrack (\u201cAplicativo)\u201d fornece apenas informa\u00e7\u00f5es, n\u00e3o \u00e9 aconselhamento m\u00e9dico ou de tratamento e n\u00e3o pode ser tratado como tal pelo usu\u00e1rio. Como tal, este Aplicativo n\u00e3o pode ser utilizado para fins de diagn\u00f3stico [&hellip;]\" \/>\n<meta property=\"og:url\" content=\"https:\/\/scoliotrack.com\/pt-br\/disclaimer\/\" \/>\n<meta property=\"og:site_name\" content=\"ScolioTrack\" \/>\n<meta property=\"article:publisher\" content=\"https:\/\/www.facebook.com\/scoliolife\" \/>\n<meta property=\"article:modified_time\" content=\"2023-04-26T13:10:46+00:00\" \/>\n<meta name=\"twitter:card\" content=\"summary_large_image\" \/>\n<meta name=\"twitter:site\" content=\"@scoliolife\" \/>\n<meta name=\"twitter:label1\" content=\"Est. tempo de leitura\" \/>\n\t<meta name=\"twitter:data1\" content=\"2 minutos\" \/>\n<script type=\"application\/ld+json\" class=\"yoast-schema-graph\">{\"@context\":\"https:\\\/\\\/schema.org\",\"@graph\":[{\"@type\":\"WebPage\",\"@id\":\"https:\\\/\\\/scoliotrack.com\\\/pt-br\\\/disclaimer\\\/\",\"url\":\"https:\\\/\\\/scoliotrack.com\\\/pt-br\\\/disclaimer\\\/\",\"name\":\"Isen\u00e7\u00e3o de responsabilidade | ScolioTrack\",\"isPartOf\":{\"@id\":\"https:\\\/\\\/scoliotrack.com\\\/#website\"},\"datePublished\":\"2022-06-13T03:42:52+00:00\",\"dateModified\":\"2023-04-26T13:10:46+00:00\",\"breadcrumb\":{\"@id\":\"https:\\\/\\\/scoliotrack.com\\\/pt-br\\\/disclaimer\\\/#breadcrumb\"},\"inLanguage\":\"pt-BR\",\"potentialAction\":[{\"@type\":\"ReadAction\",\"target\":[\"https:\\\/\\\/scoliotrack.com\\\/pt-br\\\/disclaimer\\\/\"]}]},{\"@type\":\"BreadcrumbList\",\"@id\":\"https:\\\/\\\/scoliotrack.com\\\/pt-br\\\/disclaimer\\\/#breadcrumb\",\"itemListElement\":[{\"@type\":\"ListItem\",\"position\":1,\"name\":\"Home\",\"item\":\"https:\\\/\\\/scoliotrack.com\\\/pt-br\\\/\"},{\"@type\":\"ListItem\",\"position\":2,\"name\":\"Isen\u00e7\u00e3o de responsabilidade\"}]},{\"@type\":\"WebSite\",\"@id\":\"https:\\\/\\\/scoliotrack.com\\\/#website\",\"url\":\"https:\\\/\\\/scoliotrack.com\\\/\",\"name\":\"ScolioTrack\",\"description\":\"ScolioTrack App by ScolioLife\u2122\",\"publisher\":{\"@id\":\"https:\\\/\\\/scoliotrack.com\\\/#organization\"},\"potentialAction\":[{\"@type\":\"SearchAction\",\"target\":{\"@type\":\"EntryPoint\",\"urlTemplate\":\"https:\\\/\\\/scoliotrack.com\\\/?s={search_term_string}\"},\"query-input\":{\"@type\":\"PropertyValueSpecification\",\"valueRequired\":true,\"valueName\":\"search_term_string\"}}],\"inLanguage\":\"pt-BR\"},{\"@type\":\"Organization\",\"@id\":\"https:\\\/\\\/scoliotrack.com\\\/#organization\",\"name\":\"ScolioLife Pte Ltd\",\"alternateName\":\"ScolioLife\",\"url\":\"https:\\\/\\\/scoliotrack.com\\\/\",\"logo\":{\"@type\":\"ImageObject\",\"inLanguage\":\"pt-BR\",\"@id\":\"https:\\\/\\\/scoliotrack.com\\\/#\\\/schema\\\/logo\\\/image\\\/\",\"url\":\"https:\\\/\\\/scoliotrack.com\\\/wp-content\\\/uploads\\\/2022\\\/06\\\/cropped-ScolioLife-LogoRectangle-White-1.png\",\"contentUrl\":\"https:\\\/\\\/scoliotrack.com\\\/wp-content\\\/uploads\\\/2022\\\/06\\\/cropped-ScolioLife-LogoRectangle-White-1.png\",\"width\":377,\"height\":100,\"caption\":\"ScolioLife Pte Ltd\"},\"image\":{\"@id\":\"https:\\\/\\\/scoliotrack.com\\\/#\\\/schema\\\/logo\\\/image\\\/\"},\"sameAs\":[\"https:\\\/\\\/www.facebook.com\\\/scoliolife\",\"https:\\\/\\\/x.com\\\/scoliolife\",\"https:\\\/\\\/www.instagram.com\\\/scoliolife\\\/\"]}]}<\/script>\n<!-- \/ Yoast SEO plugin. -->","yoast_head_json":{"title":"Isen\u00e7\u00e3o de responsabilidade | ScolioTrack","robots":{"index":"index","follow":"follow","max-snippet":"max-snippet:-1","max-image-preview":"max-image-preview:large","max-video-preview":"max-video-preview:-1"},"canonical":"https:\/\/scoliotrack.com\/pt-br\/disclaimer\/","og_locale":"pt_BR","og_type":"article","og_title":"Isen\u00e7\u00e3o de responsabilidade | ScolioTrack","og_description":"Isen\u00e7\u00e3o de Responsabilidade M\u00e9dica do Aplicativo Isen\u00e7\u00e3o de Responsabilidade M\u00e9dica Revisado em 27 de junho de 2022 N\u00e3o \u00e9 conselho Este aplicativo ScolioTrack (\u201cAplicativo)\u201d fornece apenas informa\u00e7\u00f5es, n\u00e3o \u00e9 aconselhamento m\u00e9dico ou de tratamento e n\u00e3o pode ser tratado como tal pelo usu\u00e1rio. Como tal, este Aplicativo n\u00e3o pode ser utilizado para fins de diagn\u00f3stico [&hellip;]","og_url":"https:\/\/scoliotrack.com\/pt-br\/disclaimer\/","og_site_name":"ScolioTrack","article_publisher":"https:\/\/www.facebook.com\/scoliolife","article_modified_time":"2023-04-26T13:10:46+00:00","twitter_card":"summary_large_image","twitter_site":"@scoliolife","twitter_misc":{"Est. tempo de leitura":"2 minutos"},"schema":{"@context":"https:\/\/schema.org","@graph":[{"@type":"WebPage","@id":"https:\/\/scoliotrack.com\/pt-br\/disclaimer\/","url":"https:\/\/scoliotrack.com\/pt-br\/disclaimer\/","name":"Isen\u00e7\u00e3o de responsabilidade | ScolioTrack","isPartOf":{"@id":"https:\/\/scoliotrack.com\/#website"},"datePublished":"2022-06-13T03:42:52+00:00","dateModified":"2023-04-26T13:10:46+00:00","breadcrumb":{"@id":"https:\/\/scoliotrack.com\/pt-br\/disclaimer\/#breadcrumb"},"inLanguage":"pt-BR","potentialAction":[{"@type":"ReadAction","target":["https:\/\/scoliotrack.com\/pt-br\/disclaimer\/"]}]},{"@type":"BreadcrumbList","@id":"https:\/\/scoliotrack.com\/pt-br\/disclaimer\/#breadcrumb","itemListElement":[{"@type":"ListItem","position":1,"name":"Home","item":"https:\/\/scoliotrack.com\/pt-br\/"},{"@type":"ListItem","position":2,"name":"Isen\u00e7\u00e3o de responsabilidade"}]},{"@type":"WebSite","@id":"https:\/\/scoliotrack.com\/#website","url":"https:\/\/scoliotrack.com\/","name":"ScolioTrack","description":"ScolioTrack App by ScolioLife\u2122","publisher":{"@id":"https:\/\/scoliotrack.com\/#organization"},"potentialAction":[{"@type":"SearchAction","target":{"@type":"EntryPoint","urlTemplate":"https:\/\/scoliotrack.com\/?s={search_term_string}"},"query-input":{"@type":"PropertyValueSpecification","valueRequired":true,"valueName":"search_term_string"}}],"inLanguage":"pt-BR"},{"@type":"Organization","@id":"https:\/\/scoliotrack.com\/#organization","name":"ScolioLife Pte Ltd","alternateName":"ScolioLife","url":"https:\/\/scoliotrack.com\/","logo":{"@type":"ImageObject","inLanguage":"pt-BR","@id":"https:\/\/scoliotrack.com\/#\/schema\/logo\/image\/","url":"https:\/\/scoliotrack.com\/wp-content\/uploads\/2022\/06\/cropped-ScolioLife-LogoRectangle-White-1.png","contentUrl":"https:\/\/scoliotrack.com\/wp-content\/uploads\/2022\/06\/cropped-ScolioLife-LogoRectangle-White-1.png","width":377,"height":100,"caption":"ScolioLife Pte Ltd"},"image":{"@id":"https:\/\/scoliotrack.com\/#\/schema\/logo\/image\/"},"sameAs":["https:\/\/www.facebook.com\/scoliolife","https:\/\/x.com\/scoliolife","https:\/\/www.instagram.com\/scoliolife\/"]}]}},"_links":{"self":[{"href":"https:\/\/scoliotrack.com\/pt-br\/wp-json\/wp\/v2\/pages\/9005","targetHints":{"allow":["GET"]}}],"collection":[{"href":"https:\/\/scoliotrack.com\/pt-br\/wp-json\/wp\/v2\/pages"}],"about":[{"href":"https:\/\/scoliotrack.com\/pt-br\/wp-json\/wp\/v2\/types\/page"}],"author":[{"embeddable":true,"href":"https:\/\/scoliotrack.com\/pt-br\/wp-json\/wp\/v2\/users\/1"}],"replies":[{"embeddable":true,"href":"https:\/\/scoliotrack.com\/pt-br\/wp-json\/wp\/v2\/comments?post=9005"}],"version-history":[{"count":5,"href":"https:\/\/scoliotrack.com\/pt-br\/wp-json\/wp\/v2\/pages\/9005\/revisions"}],"predecessor-version":[{"id":18813,"href":"https:\/\/scoliotrack.com\/pt-br\/wp-json\/wp\/v2\/pages\/9005\/revisions\/18813"}],"wp:attachment":[{"href":"https:\/\/scoliotrack.com\/pt-br\/wp-json\/wp\/v2\/media?parent=9005"}],"curies":[{"name":"wp","href":"https:\/\/api.w.org\/{rel}","templated":true}]}}