{"id":9002,"date":"2022-06-13T09:12:52","date_gmt":"2022-06-13T03:42:52","guid":{"rendered":"https:\/\/scoliotrack.com\/disclaimer-2\/"},"modified":"2023-04-26T18:39:23","modified_gmt":"2023-04-26T13:09:23","slug":"disclaimer","status":"publish","type":"page","link":"https:\/\/scoliotrack.com\/it\/disclaimer\/","title":{"rendered":"Disclaimer"},"content":{"rendered":"<h2 style=\"text-align: center;\"><strong>Dichiarazione di Non Responsabilit\u00e0 Medica dell&#8217;App<\/strong><\/h2>\n<p style=\"text-align: center;\">Disclaimer Medico<\/p>\n<p style=\"text-align: center;\">Revisionata il 27 giugno 2022<\/p>\n<h2><strong>Nessun consiglio<\/strong><\/h2>\n<p>Questa App ScolioTrack (\u201cApp\u201d) fornisce solamente delle informazioni, non d\u00e0 alcun consiglio medico n\u00e9 terapeutico e non pu\u00f2 essere considerata come tale dall&#8217;utente. Ci\u00f2 considerato, questa App non potrebbe essere usata al fine di una diagnosi medica o come raccomandazione per cure o trattamenti medici. Le informazioni contenute in tale App non sostituiscono una consulenza medica, la diagnosi oppure il trattamento professionale. Tutti i contenuti, compresi testo, grafica, immagini e informazioni, compresi o disponibili tramite questa App sono esclusivamente a scopo informativo generale.<\/p>\n<h2><strong>Consulenza e Assistenza Medica Professionale<\/strong><\/h2>\n<p>Si suggerisce vivamente di avere una conferma circa ogni informazione ottenuta da o attraverso questa App consultando il proprio medico curante oppure un altro operatore sanitario professionale e di rivedere tutte le informazioni relative a qualsiasi condizione medica o trattamento consultando il proprio medico curante o altro operatore sanitario professionale.<\/p>\n<h2><strong>Non Fare Affidamento<\/strong><\/h2>\n<p>NON SI DOVREBBE MAI FARE AFFIDAMENTO SU ALCUNA INFORMAZIONE OTTENUTA NELL\u2019USARE QUESTA APP PER QUALSIASI DIAGNOSI O RACCOMANDAZIONE PER CURE MEDICHE. NON SI DOVREBBE MAI FARE AFFIDAMENTO SULLE INFORMAZIONI RICEVUTE DA QUESTA APP IN ALTERNATIVA AI CONSIGLI MEDICI DEL TUO MEDICO O DI UN ALTRO OPERATORE SANITARIO PROFESSIONALE.<\/p>\n<p>NON SI DOVREBBE MAI EVITARE IL PRENDERE IN CONSIDERAZIONE UNA CONSULENZA MEDICA PROFESSIONALE N\u00c9 PROCRASTINARE LA RICERCA DI CURE MEDICHE A SEGUITO DI QUALSIASI INFORMAZIONE CHE SI FOSSE VISTA O ALLA QUALE SI AVESSE AVUTO ACCESSO TRAMITE QUESTA APP. SE SI AVESSERO DELLE DOMANDE SPECIFICHE SU UNA QUALSIASI QUESTIONE MEDICA, SI DOVREBBE CONSULTARE IL PROPRIO MEDICO O UN ALTRO OPERATORE SANITARIO PROFESSIONALE. SE SI RITENESSE DI POTER SOFFRIRE DI QUALSIASI CONDIZIONE MEDICA, SI DOVREBBE CERCARE UN\u2019ASSISTENZA MEDICA IMMEDIATA.<\/p>\n<h2><strong>Nessuna Garanzia<\/strong><\/h2>\n<p>Le informazioni fornite da questa App sono date &#8220;cos\u00ec come sono&#8221; senza alcuna dichiarazione o garanzia, espressa o implicita. ScolioLife Pte Ltd non rilascia dichiarazioni n\u00e9 garanzie relativamente alle informazioni mediche o di altro tipo contenute in questa App.<\/p>\n<h2><strong>ScolioLife Pte Ltd non garantisce che:<\/strong><\/h2>\n<p>&#8211; Le informazioni fornite da questa App saranno costantemente disponibili o disponibili nel loro complesso;<br \/>\noppure che<br \/>\n&#8211; Le informazioni fornite da questa App sono complete, veritiere, accurate, aggiornate o non fuorvianti.<\/p>\n<p>SCOLIOLIFE PTE LTD NON \u00c8 RESPONSABILE PER QUALSIASI CONSIGLIO, CORSO DI TRATTAMENTO, DIAGNOSI O QUALSIASI ALTRA INFORMAZIONE, SERVIZIO O PRODOTTO CHE SI OTTENGA MEDIANTE L&#8217;USO DI QUESTA APP.<\/p>\n<p><strong>Usando l&#8217;App e spuntando la casella di controllo l\u2019Utente riconosce che:<\/strong><br \/>\n&#8211; HA LETTO E COMPRESO QUESTO DISCLAIMER MEDICO.<br \/>\n&#8211; ACCETTA QUESTA ESCLUSIONE DI RESPONSABILIT\u00c0 MEDICA.<\/p>\n<p>\u2013 ACCETTA DI ESSERE LEGALMENTE VINCOLATO DA QUESTA ESCLUSIONE DI RESPONSABILIT\u00c0 MEDICA, CHE ENTRER\u00c0 IN VIGORE IMMEDIATAMENTE DOPO AVER FATTO CLIC SULLA CASELLA DI CONTROLLO SOTTOSTANTE.<\/p>\n<p>SE NON SI ACCETTASSE DI ESSERE LEGALMENTE VINCOLATI DA QUESTA DICHIARAZIONE DI NON RESPONSABILIT\u00c0 MEDICA, NON \u00c8 POSSIBILE ACCEDERE ALL&#8217;APP, REGISTRARE L&#8217;APP A PROPRIO NOME O USARE L&#8217;APP.<\/p>\n","protected":false},"excerpt":{"rendered":"<p>Dichiarazione di Non Responsabilit\u00e0 Medica dell&#8217;App Disclaimer Medico Revisionata il 27 giugno 2022 Nessun consiglio Questa App ScolioTrack (\u201cApp\u201d) fornisce solamente delle informazioni, non d\u00e0 alcun consiglio medico n\u00e9 terapeutico e non pu\u00f2 essere considerata come tale dall&#8217;utente. Ci\u00f2 considerato, questa App non potrebbe essere usata al fine di una diagnosi medica o come raccomandazione [&hellip;]<\/p>\n","protected":false},"author":1,"featured_media":0,"parent":0,"menu_order":0,"comment_status":"closed","ping_status":"closed","template":"","meta":{"footnotes":""},"class_list":["post-9002","page","type-page","status-publish","hentry"],"yoast_head":"<!-- This site is optimized with the Yoast SEO plugin v27.4 - https:\/\/yoast.com\/product\/yoast-seo-wordpress\/ -->\n<title>Disclaimer | ScolioTrack<\/title>\n<meta name=\"robots\" content=\"index, follow, max-snippet:-1, max-image-preview:large, max-video-preview:-1\" \/>\n<link rel=\"canonical\" href=\"https:\/\/scoliotrack.com\/it\/disclaimer\/\" \/>\n<meta property=\"og:locale\" content=\"it_IT\" \/>\n<meta property=\"og:type\" content=\"article\" \/>\n<meta property=\"og:title\" content=\"Disclaimer | ScolioTrack\" \/>\n<meta property=\"og:description\" content=\"Dichiarazione di Non Responsabilit\u00e0 Medica dell&#8217;App Disclaimer Medico Revisionata il 27 giugno 2022 Nessun consiglio Questa App ScolioTrack (\u201cApp\u201d) fornisce solamente delle informazioni, non d\u00e0 alcun consiglio medico n\u00e9 terapeutico e non pu\u00f2 essere considerata come tale dall&#8217;utente. Ci\u00f2 considerato, questa App non potrebbe essere usata al fine di una diagnosi medica o come raccomandazione [&hellip;]\" \/>\n<meta property=\"og:url\" content=\"https:\/\/scoliotrack.com\/it\/disclaimer\/\" \/>\n<meta property=\"og:site_name\" content=\"ScolioTrack\" \/>\n<meta property=\"article:publisher\" content=\"https:\/\/www.facebook.com\/scoliolife\" \/>\n<meta property=\"article:modified_time\" content=\"2023-04-26T13:09:23+00:00\" \/>\n<meta name=\"twitter:card\" content=\"summary_large_image\" \/>\n<meta name=\"twitter:site\" content=\"@scoliolife\" \/>\n<meta name=\"twitter:label1\" content=\"Tempo di lettura stimato\" \/>\n\t<meta name=\"twitter:data1\" content=\"3 minuti\" \/>\n<script type=\"application\/ld+json\" class=\"yoast-schema-graph\">{\"@context\":\"https:\\\/\\\/schema.org\",\"@graph\":[{\"@type\":\"WebPage\",\"@id\":\"https:\\\/\\\/scoliotrack.com\\\/it\\\/disclaimer\\\/\",\"url\":\"https:\\\/\\\/scoliotrack.com\\\/it\\\/disclaimer\\\/\",\"name\":\"Disclaimer | ScolioTrack\",\"isPartOf\":{\"@id\":\"https:\\\/\\\/scoliotrack.com\\\/#website\"},\"datePublished\":\"2022-06-13T03:42:52+00:00\",\"dateModified\":\"2023-04-26T13:09:23+00:00\",\"breadcrumb\":{\"@id\":\"https:\\\/\\\/scoliotrack.com\\\/it\\\/disclaimer\\\/#breadcrumb\"},\"inLanguage\":\"it-IT\",\"potentialAction\":[{\"@type\":\"ReadAction\",\"target\":[\"https:\\\/\\\/scoliotrack.com\\\/it\\\/disclaimer\\\/\"]}]},{\"@type\":\"BreadcrumbList\",\"@id\":\"https:\\\/\\\/scoliotrack.com\\\/it\\\/disclaimer\\\/#breadcrumb\",\"itemListElement\":[{\"@type\":\"ListItem\",\"position\":1,\"name\":\"Home\",\"item\":\"https:\\\/\\\/scoliotrack.com\\\/it\\\/\"},{\"@type\":\"ListItem\",\"position\":2,\"name\":\"Disclaimer\"}]},{\"@type\":\"WebSite\",\"@id\":\"https:\\\/\\\/scoliotrack.com\\\/#website\",\"url\":\"https:\\\/\\\/scoliotrack.com\\\/\",\"name\":\"ScolioTrack\",\"description\":\"ScolioTrack App by ScolioLife\u2122\",\"publisher\":{\"@id\":\"https:\\\/\\\/scoliotrack.com\\\/#organization\"},\"potentialAction\":[{\"@type\":\"SearchAction\",\"target\":{\"@type\":\"EntryPoint\",\"urlTemplate\":\"https:\\\/\\\/scoliotrack.com\\\/?s={search_term_string}\"},\"query-input\":{\"@type\":\"PropertyValueSpecification\",\"valueRequired\":true,\"valueName\":\"search_term_string\"}}],\"inLanguage\":\"it-IT\"},{\"@type\":\"Organization\",\"@id\":\"https:\\\/\\\/scoliotrack.com\\\/#organization\",\"name\":\"ScolioLife Pte Ltd\",\"alternateName\":\"ScolioLife\",\"url\":\"https:\\\/\\\/scoliotrack.com\\\/\",\"logo\":{\"@type\":\"ImageObject\",\"inLanguage\":\"it-IT\",\"@id\":\"https:\\\/\\\/scoliotrack.com\\\/#\\\/schema\\\/logo\\\/image\\\/\",\"url\":\"https:\\\/\\\/scoliotrack.com\\\/wp-content\\\/uploads\\\/2022\\\/06\\\/cropped-ScolioLife-LogoRectangle-White-1.png\",\"contentUrl\":\"https:\\\/\\\/scoliotrack.com\\\/wp-content\\\/uploads\\\/2022\\\/06\\\/cropped-ScolioLife-LogoRectangle-White-1.png\",\"width\":377,\"height\":100,\"caption\":\"ScolioLife Pte Ltd\"},\"image\":{\"@id\":\"https:\\\/\\\/scoliotrack.com\\\/#\\\/schema\\\/logo\\\/image\\\/\"},\"sameAs\":[\"https:\\\/\\\/www.facebook.com\\\/scoliolife\",\"https:\\\/\\\/x.com\\\/scoliolife\",\"https:\\\/\\\/www.instagram.com\\\/scoliolife\\\/\"]}]}<\/script>\n<!-- \/ Yoast SEO plugin. -->","yoast_head_json":{"title":"Disclaimer | ScolioTrack","robots":{"index":"index","follow":"follow","max-snippet":"max-snippet:-1","max-image-preview":"max-image-preview:large","max-video-preview":"max-video-preview:-1"},"canonical":"https:\/\/scoliotrack.com\/it\/disclaimer\/","og_locale":"it_IT","og_type":"article","og_title":"Disclaimer | ScolioTrack","og_description":"Dichiarazione di Non Responsabilit\u00e0 Medica dell&#8217;App Disclaimer Medico Revisionata il 27 giugno 2022 Nessun consiglio Questa App ScolioTrack (\u201cApp\u201d) fornisce solamente delle informazioni, non d\u00e0 alcun consiglio medico n\u00e9 terapeutico e non pu\u00f2 essere considerata come tale dall&#8217;utente. Ci\u00f2 considerato, questa App non potrebbe essere usata al fine di una diagnosi medica o come raccomandazione [&hellip;]","og_url":"https:\/\/scoliotrack.com\/it\/disclaimer\/","og_site_name":"ScolioTrack","article_publisher":"https:\/\/www.facebook.com\/scoliolife","article_modified_time":"2023-04-26T13:09:23+00:00","twitter_card":"summary_large_image","twitter_site":"@scoliolife","twitter_misc":{"Tempo di lettura stimato":"3 minuti"},"schema":{"@context":"https:\/\/schema.org","@graph":[{"@type":"WebPage","@id":"https:\/\/scoliotrack.com\/it\/disclaimer\/","url":"https:\/\/scoliotrack.com\/it\/disclaimer\/","name":"Disclaimer | ScolioTrack","isPartOf":{"@id":"https:\/\/scoliotrack.com\/#website"},"datePublished":"2022-06-13T03:42:52+00:00","dateModified":"2023-04-26T13:09:23+00:00","breadcrumb":{"@id":"https:\/\/scoliotrack.com\/it\/disclaimer\/#breadcrumb"},"inLanguage":"it-IT","potentialAction":[{"@type":"ReadAction","target":["https:\/\/scoliotrack.com\/it\/disclaimer\/"]}]},{"@type":"BreadcrumbList","@id":"https:\/\/scoliotrack.com\/it\/disclaimer\/#breadcrumb","itemListElement":[{"@type":"ListItem","position":1,"name":"Home","item":"https:\/\/scoliotrack.com\/it\/"},{"@type":"ListItem","position":2,"name":"Disclaimer"}]},{"@type":"WebSite","@id":"https:\/\/scoliotrack.com\/#website","url":"https:\/\/scoliotrack.com\/","name":"ScolioTrack","description":"ScolioTrack App by ScolioLife\u2122","publisher":{"@id":"https:\/\/scoliotrack.com\/#organization"},"potentialAction":[{"@type":"SearchAction","target":{"@type":"EntryPoint","urlTemplate":"https:\/\/scoliotrack.com\/?s={search_term_string}"},"query-input":{"@type":"PropertyValueSpecification","valueRequired":true,"valueName":"search_term_string"}}],"inLanguage":"it-IT"},{"@type":"Organization","@id":"https:\/\/scoliotrack.com\/#organization","name":"ScolioLife Pte Ltd","alternateName":"ScolioLife","url":"https:\/\/scoliotrack.com\/","logo":{"@type":"ImageObject","inLanguage":"it-IT","@id":"https:\/\/scoliotrack.com\/#\/schema\/logo\/image\/","url":"https:\/\/scoliotrack.com\/wp-content\/uploads\/2022\/06\/cropped-ScolioLife-LogoRectangle-White-1.png","contentUrl":"https:\/\/scoliotrack.com\/wp-content\/uploads\/2022\/06\/cropped-ScolioLife-LogoRectangle-White-1.png","width":377,"height":100,"caption":"ScolioLife Pte Ltd"},"image":{"@id":"https:\/\/scoliotrack.com\/#\/schema\/logo\/image\/"},"sameAs":["https:\/\/www.facebook.com\/scoliolife","https:\/\/x.com\/scoliolife","https:\/\/www.instagram.com\/scoliolife\/"]}]}},"_links":{"self":[{"href":"https:\/\/scoliotrack.com\/it\/wp-json\/wp\/v2\/pages\/9002","targetHints":{"allow":["GET"]}}],"collection":[{"href":"https:\/\/scoliotrack.com\/it\/wp-json\/wp\/v2\/pages"}],"about":[{"href":"https:\/\/scoliotrack.com\/it\/wp-json\/wp\/v2\/types\/page"}],"author":[{"embeddable":true,"href":"https:\/\/scoliotrack.com\/it\/wp-json\/wp\/v2\/users\/1"}],"replies":[{"embeddable":true,"href":"https:\/\/scoliotrack.com\/it\/wp-json\/wp\/v2\/comments?post=9002"}],"version-history":[{"count":3,"href":"https:\/\/scoliotrack.com\/it\/wp-json\/wp\/v2\/pages\/9002\/revisions"}],"predecessor-version":[{"id":18810,"href":"https:\/\/scoliotrack.com\/it\/wp-json\/wp\/v2\/pages\/9002\/revisions\/18810"}],"wp:attachment":[{"href":"https:\/\/scoliotrack.com\/it\/wp-json\/wp\/v2\/media?parent=9002"}],"curies":[{"name":"wp","href":"https:\/\/api.w.org\/{rel}","templated":true}]}}