{"id":8998,"date":"2022-06-13T09:12:52","date_gmt":"2022-06-13T03:42:52","guid":{"rendered":"https:\/\/scoliotrack.com\/disclaimer-2\/"},"modified":"2023-04-26T18:37:20","modified_gmt":"2023-04-26T13:07:20","slug":"disclaimer","status":"publish","type":"page","link":"https:\/\/scoliotrack.com\/fr\/disclaimer\/","title":{"rendered":"D\u00e9sistement"},"content":{"rendered":"<h2 style=\"text-align: center;\"><strong>Clause de non-responsabilit\u00e9\u2013 Application m\u00e9dicale<\/strong><\/h2>\n<p style=\"text-align: center;\">Clause de non-responsabilit\u00e9 m\u00e9dicale<\/p>\n<p style=\"text-align: center;\">R\u00e9vis\u00e9e le27 juin 2022<\/p>\n<h2><strong>Aucun conseil<\/strong><\/h2>\n<p>Cette application ScolioTrack (\u00ab App \u00bb) fournit uniquement des informations, et n&rsquo;\u00e9quivaut pas \u00e0 du conseil m\u00e9dical ou th\u00e9rapeutique. Elle ne doit donc pas \u00eatre trait\u00e9e comme telle par l&rsquo;utilisateur. En tant que telle, cette application ne peut \u00eatre utilis\u00e9e \u00e0 des fins de diagnostic m\u00e9dical ou en tant que recommandation de soins ou de traitements m\u00e9dicaux. Les informations contenues dans cette application ne remplacent pas les conseils, le diagnostic ou les traitements m\u00e9dicaux fournis par des professionnels. Tout le contenufigurant sur cette application ou disponible par son interm\u00e9diaire, incluant le texte, les graphiques, les images et les informations, est uniquementfourni \u00e0 titre d&rsquo;information g\u00e9n\u00e9rale.<\/p>\n<h2><strong>Assistance et conseils m\u00e9dicaux professionnels<\/strong><\/h2>\n<p>Nous vous encourageons vivement \u00e0 confirmer toute information obtenue \u00e0 partir de ou via cette application aupr\u00e8s de votre m\u00e9decin ou d&rsquo;un autre professionnel de la sant\u00e9, et \u00e0 examiner toute information concernant une maladie ou un traitement m\u00e9dical avec votre m\u00e9decin ou un autre professionnel de la sant\u00e9.<\/p>\n<h2><strong>Aucune confiance<\/strong><\/h2>\n<p>VOUS NE DEVEZ JAMAIS VOUS FIER AUX INFORMATIONS OBTENUES \u00c0 L&rsquo;AIDE DE CETTE APPLICATION POUR \u00c9TABLIR UN DIAGNOSTIC OU RECOMMANDER UN TRAITEMENT M\u00c9DICAL. VOUS NE DEVEZ JAMAIS CONSID\u00c9RER LES INFORMATIONS RE\u00c7UES DE CETTE APPLICATION COMME UNE ALTERNATIVE AUX CONSEILS FOURNIS PAR VOTRE M\u00c9DECIN OU UN AUTRE PROFESSIONNEL DE LA SANT\u00c9.<\/p>\n<p>VOUS NE DEVEZ JAMAIS IGNORER L&rsquo;AVIS D&rsquo;UN PROFESSIONNEL DE LA SANT\u00c9 OU REPOUSSER LA RECHERCHE D&rsquo;UN TRAITEMENT M\u00c9DICAL \u00c0 LA SUITE D&rsquo;UNE INFORMATION QUE VOUS AVEZ VUE OU \u00c0 LAQUELLE VOUS AVEZ ACC\u00c9D\u00c9 VIA CETTE APPLICATION. SI VOUS AVEZ DES QUESTIONS SP\u00c9CIFIQUES SUR UN SUJET M\u00c9DICAL, VOUS DEVEZ CONSULTER VOTRE M\u00c9DECIN OU UN AUTRE PROFESSIONNEL DE LA SANT\u00c9. SI VOUS PENSEZ SOUFFRIR D&rsquo;UN PROBL\u00c8ME M\u00c9DICAL, VOUS DEVEZ CONSULTER IMM\u00c9DIATEMENT UN M\u00c9DECIN.<\/p>\n<h2><strong>Aucune garantie<\/strong><\/h2>\n<p>Les informations fournies par cette application sont pr\u00e9sent\u00e9es \u00ab\u00a0en l&rsquo;\u00e9tat\u00a0\u00bb sans aucune repr\u00e9sentation ou garantie, expresse ou implicite. ScolioLife Pte Ltd ne fait aucune d\u00e9claration ou garantie concernant les informations m\u00e9dicales ou autres de cette application.<\/p>\n<h2><strong>ScolioLife Pte Ltd ne garantit pas que :<\/strong><\/h2>\n<p>&#8211; Les informations fournies par cette application seront constamment disponibles, ou tout simplement disponibles ;<\/p>\n<p>ou<\/p>\n<p>&#8211; Les informations fournies par cette application sont compl\u00e8tes, exactes, pr\u00e9cises, \u00e0 jour ou non trompeuses.<\/p>\n<p>SCOLIOLIFE PTE LTD N&rsquo;EST PAS RESPONSABLE DES CONSEILS, TRAITEMENTS, DIAGNOSTICS OU AUTRES INFORMATIONS, SERVICES OU PRODUITS QUE VOUS OBTENEZ PAR L&rsquo;UTILISATION DE CETTE APPLICATION.<\/p>\n<p><strong>En utilisant l&rsquo;application et en cochant la case, vous reconnaissezque :<\/strong><br \/>\n&#8211; VOUS AVEZ LU ET COMPRIS CETTE CLAUSE DE NON-RESPONSABILIT\u00c9 M\u00c9DICALE.<\/p>\n<p>&#8211; VOUS ACCEPTEZ LA PR\u00c9SENTE CLAUSE DE NON-RESPONSABILIT\u00c9 M\u00c9DICALE.<\/p>\n<p>&#8211; VOUS ACCEPTEZ D&rsquo;\u00caTRE L\u00c9GALEMENT LI\u00c9 PAR LA PR\u00c9SENTE CLAUSE DE NON-RESPONSABILIT\u00c9 M\u00c9DICALE, QUI PREND EFFET IMM\u00c9DIATEMENT APR\u00c8S QUE VOUS AYEZ CLIQU\u00c9 SUR LA CASE \u00c0 COCHER CI-DESSOUS.<\/p>\n<p>SI VOUS N&rsquo;ACCEPTEZ PAS D&rsquo;\u00caTRE L\u00c9GALEMENT LI\u00c9 PAR CETTE CLAUSE DE NON-RESPONSABILIT\u00c9 M\u00c9DICALE, VOUS NE POUVEZ PAS ACC\u00c9DER \u00c0 L&rsquo;APPLICATION, ENREGISTRER L&rsquo;APPLICATION SOUS VOTRE NOM OU UTILISER L&rsquo;APPLICATION.<\/p>\n","protected":false},"excerpt":{"rendered":"<p>Clause de non-responsabilit\u00e9\u2013 Application m\u00e9dicale Clause de non-responsabilit\u00e9 m\u00e9dicale R\u00e9vis\u00e9e le27 juin 2022 Aucun conseil Cette application ScolioTrack (\u00ab App \u00bb) fournit uniquement des informations, et n&rsquo;\u00e9quivaut pas \u00e0 du conseil m\u00e9dical ou th\u00e9rapeutique. Elle ne doit donc pas \u00eatre trait\u00e9e comme telle par l&rsquo;utilisateur. En tant que telle, cette application ne peut \u00eatre utilis\u00e9e [&hellip;]<\/p>\n","protected":false},"author":1,"featured_media":0,"parent":0,"menu_order":0,"comment_status":"closed","ping_status":"closed","template":"","meta":{"footnotes":""},"class_list":["post-8998","page","type-page","status-publish","hentry"],"yoast_head":"<!-- This site is optimized with the Yoast SEO plugin v27.4 - https:\/\/yoast.com\/product\/yoast-seo-wordpress\/ -->\n<title>D\u00e9sistement | ScolioTrack<\/title>\n<meta name=\"robots\" content=\"index, follow, max-snippet:-1, max-image-preview:large, max-video-preview:-1\" \/>\n<link rel=\"canonical\" href=\"https:\/\/scoliotrack.com\/fr\/disclaimer\/\" \/>\n<meta property=\"og:locale\" content=\"fr_FR\" \/>\n<meta property=\"og:type\" content=\"article\" \/>\n<meta property=\"og:title\" content=\"D\u00e9sistement | ScolioTrack\" \/>\n<meta property=\"og:description\" content=\"Clause de non-responsabilit\u00e9\u2013 Application m\u00e9dicale Clause de non-responsabilit\u00e9 m\u00e9dicale R\u00e9vis\u00e9e le27 juin 2022 Aucun conseil Cette application ScolioTrack (\u00ab App \u00bb) fournit uniquement des informations, et n&rsquo;\u00e9quivaut pas \u00e0 du conseil m\u00e9dical ou th\u00e9rapeutique. Elle ne doit donc pas \u00eatre trait\u00e9e comme telle par l&rsquo;utilisateur. En tant que telle, cette application ne peut \u00eatre utilis\u00e9e [&hellip;]\" \/>\n<meta property=\"og:url\" content=\"https:\/\/scoliotrack.com\/fr\/disclaimer\/\" \/>\n<meta property=\"og:site_name\" content=\"ScolioTrack\" \/>\n<meta property=\"article:publisher\" content=\"https:\/\/www.facebook.com\/scoliolife\" \/>\n<meta property=\"article:modified_time\" content=\"2023-04-26T13:07:20+00:00\" \/>\n<meta name=\"twitter:card\" content=\"summary_large_image\" \/>\n<meta name=\"twitter:site\" content=\"@scoliolife\" \/>\n<meta name=\"twitter:label1\" content=\"Dur\u00e9e de lecture estim\u00e9e\" \/>\n\t<meta name=\"twitter:data1\" content=\"3 minutes\" \/>\n<script type=\"application\/ld+json\" class=\"yoast-schema-graph\">{\"@context\":\"https:\\\/\\\/schema.org\",\"@graph\":[{\"@type\":\"WebPage\",\"@id\":\"https:\\\/\\\/scoliotrack.com\\\/fr\\\/disclaimer\\\/\",\"url\":\"https:\\\/\\\/scoliotrack.com\\\/fr\\\/disclaimer\\\/\",\"name\":\"D\u00e9sistement | ScolioTrack\",\"isPartOf\":{\"@id\":\"https:\\\/\\\/scoliotrack.com\\\/#website\"},\"datePublished\":\"2022-06-13T03:42:52+00:00\",\"dateModified\":\"2023-04-26T13:07:20+00:00\",\"breadcrumb\":{\"@id\":\"https:\\\/\\\/scoliotrack.com\\\/fr\\\/disclaimer\\\/#breadcrumb\"},\"inLanguage\":\"fr-FR\",\"potentialAction\":[{\"@type\":\"ReadAction\",\"target\":[\"https:\\\/\\\/scoliotrack.com\\\/fr\\\/disclaimer\\\/\"]}]},{\"@type\":\"BreadcrumbList\",\"@id\":\"https:\\\/\\\/scoliotrack.com\\\/fr\\\/disclaimer\\\/#breadcrumb\",\"itemListElement\":[{\"@type\":\"ListItem\",\"position\":1,\"name\":\"Home\",\"item\":\"https:\\\/\\\/scoliotrack.com\\\/fr\\\/\"},{\"@type\":\"ListItem\",\"position\":2,\"name\":\"D\u00e9sistement\"}]},{\"@type\":\"WebSite\",\"@id\":\"https:\\\/\\\/scoliotrack.com\\\/#website\",\"url\":\"https:\\\/\\\/scoliotrack.com\\\/\",\"name\":\"ScolioTrack\",\"description\":\"ScolioTrack App by ScolioLife\u2122\",\"publisher\":{\"@id\":\"https:\\\/\\\/scoliotrack.com\\\/#organization\"},\"potentialAction\":[{\"@type\":\"SearchAction\",\"target\":{\"@type\":\"EntryPoint\",\"urlTemplate\":\"https:\\\/\\\/scoliotrack.com\\\/?s={search_term_string}\"},\"query-input\":{\"@type\":\"PropertyValueSpecification\",\"valueRequired\":true,\"valueName\":\"search_term_string\"}}],\"inLanguage\":\"fr-FR\"},{\"@type\":\"Organization\",\"@id\":\"https:\\\/\\\/scoliotrack.com\\\/#organization\",\"name\":\"ScolioLife Pte Ltd\",\"alternateName\":\"ScolioLife\",\"url\":\"https:\\\/\\\/scoliotrack.com\\\/\",\"logo\":{\"@type\":\"ImageObject\",\"inLanguage\":\"fr-FR\",\"@id\":\"https:\\\/\\\/scoliotrack.com\\\/#\\\/schema\\\/logo\\\/image\\\/\",\"url\":\"https:\\\/\\\/scoliotrack.com\\\/wp-content\\\/uploads\\\/2022\\\/06\\\/cropped-ScolioLife-LogoRectangle-White-1.png\",\"contentUrl\":\"https:\\\/\\\/scoliotrack.com\\\/wp-content\\\/uploads\\\/2022\\\/06\\\/cropped-ScolioLife-LogoRectangle-White-1.png\",\"width\":377,\"height\":100,\"caption\":\"ScolioLife Pte Ltd\"},\"image\":{\"@id\":\"https:\\\/\\\/scoliotrack.com\\\/#\\\/schema\\\/logo\\\/image\\\/\"},\"sameAs\":[\"https:\\\/\\\/www.facebook.com\\\/scoliolife\",\"https:\\\/\\\/x.com\\\/scoliolife\",\"https:\\\/\\\/www.instagram.com\\\/scoliolife\\\/\"]}]}<\/script>\n<!-- \/ Yoast SEO plugin. -->","yoast_head_json":{"title":"D\u00e9sistement | ScolioTrack","robots":{"index":"index","follow":"follow","max-snippet":"max-snippet:-1","max-image-preview":"max-image-preview:large","max-video-preview":"max-video-preview:-1"},"canonical":"https:\/\/scoliotrack.com\/fr\/disclaimer\/","og_locale":"fr_FR","og_type":"article","og_title":"D\u00e9sistement | ScolioTrack","og_description":"Clause de non-responsabilit\u00e9\u2013 Application m\u00e9dicale Clause de non-responsabilit\u00e9 m\u00e9dicale R\u00e9vis\u00e9e le27 juin 2022 Aucun conseil Cette application ScolioTrack (\u00ab App \u00bb) fournit uniquement des informations, et n&rsquo;\u00e9quivaut pas \u00e0 du conseil m\u00e9dical ou th\u00e9rapeutique. Elle ne doit donc pas \u00eatre trait\u00e9e comme telle par l&rsquo;utilisateur. En tant que telle, cette application ne peut \u00eatre utilis\u00e9e [&hellip;]","og_url":"https:\/\/scoliotrack.com\/fr\/disclaimer\/","og_site_name":"ScolioTrack","article_publisher":"https:\/\/www.facebook.com\/scoliolife","article_modified_time":"2023-04-26T13:07:20+00:00","twitter_card":"summary_large_image","twitter_site":"@scoliolife","twitter_misc":{"Dur\u00e9e de lecture estim\u00e9e":"3 minutes"},"schema":{"@context":"https:\/\/schema.org","@graph":[{"@type":"WebPage","@id":"https:\/\/scoliotrack.com\/fr\/disclaimer\/","url":"https:\/\/scoliotrack.com\/fr\/disclaimer\/","name":"D\u00e9sistement | ScolioTrack","isPartOf":{"@id":"https:\/\/scoliotrack.com\/#website"},"datePublished":"2022-06-13T03:42:52+00:00","dateModified":"2023-04-26T13:07:20+00:00","breadcrumb":{"@id":"https:\/\/scoliotrack.com\/fr\/disclaimer\/#breadcrumb"},"inLanguage":"fr-FR","potentialAction":[{"@type":"ReadAction","target":["https:\/\/scoliotrack.com\/fr\/disclaimer\/"]}]},{"@type":"BreadcrumbList","@id":"https:\/\/scoliotrack.com\/fr\/disclaimer\/#breadcrumb","itemListElement":[{"@type":"ListItem","position":1,"name":"Home","item":"https:\/\/scoliotrack.com\/fr\/"},{"@type":"ListItem","position":2,"name":"D\u00e9sistement"}]},{"@type":"WebSite","@id":"https:\/\/scoliotrack.com\/#website","url":"https:\/\/scoliotrack.com\/","name":"ScolioTrack","description":"ScolioTrack App by ScolioLife\u2122","publisher":{"@id":"https:\/\/scoliotrack.com\/#organization"},"potentialAction":[{"@type":"SearchAction","target":{"@type":"EntryPoint","urlTemplate":"https:\/\/scoliotrack.com\/?s={search_term_string}"},"query-input":{"@type":"PropertyValueSpecification","valueRequired":true,"valueName":"search_term_string"}}],"inLanguage":"fr-FR"},{"@type":"Organization","@id":"https:\/\/scoliotrack.com\/#organization","name":"ScolioLife Pte Ltd","alternateName":"ScolioLife","url":"https:\/\/scoliotrack.com\/","logo":{"@type":"ImageObject","inLanguage":"fr-FR","@id":"https:\/\/scoliotrack.com\/#\/schema\/logo\/image\/","url":"https:\/\/scoliotrack.com\/wp-content\/uploads\/2022\/06\/cropped-ScolioLife-LogoRectangle-White-1.png","contentUrl":"https:\/\/scoliotrack.com\/wp-content\/uploads\/2022\/06\/cropped-ScolioLife-LogoRectangle-White-1.png","width":377,"height":100,"caption":"ScolioLife Pte Ltd"},"image":{"@id":"https:\/\/scoliotrack.com\/#\/schema\/logo\/image\/"},"sameAs":["https:\/\/www.facebook.com\/scoliolife","https:\/\/x.com\/scoliolife","https:\/\/www.instagram.com\/scoliolife\/"]}]}},"_links":{"self":[{"href":"https:\/\/scoliotrack.com\/fr\/wp-json\/wp\/v2\/pages\/8998","targetHints":{"allow":["GET"]}}],"collection":[{"href":"https:\/\/scoliotrack.com\/fr\/wp-json\/wp\/v2\/pages"}],"about":[{"href":"https:\/\/scoliotrack.com\/fr\/wp-json\/wp\/v2\/types\/page"}],"author":[{"embeddable":true,"href":"https:\/\/scoliotrack.com\/fr\/wp-json\/wp\/v2\/users\/1"}],"replies":[{"embeddable":true,"href":"https:\/\/scoliotrack.com\/fr\/wp-json\/wp\/v2\/comments?post=8998"}],"version-history":[{"count":4,"href":"https:\/\/scoliotrack.com\/fr\/wp-json\/wp\/v2\/pages\/8998\/revisions"}],"predecessor-version":[{"id":18805,"href":"https:\/\/scoliotrack.com\/fr\/wp-json\/wp\/v2\/pages\/8998\/revisions\/18805"}],"wp:attachment":[{"href":"https:\/\/scoliotrack.com\/fr\/wp-json\/wp\/v2\/media?parent=8998"}],"curies":[{"name":"wp","href":"https:\/\/api.w.org\/{rel}","templated":true}]}}