{"id":8997,"date":"2022-06-13T09:12:52","date_gmt":"2022-06-13T03:42:52","guid":{"rendered":"https:\/\/scoliotrack.com\/disclaimer-2\/"},"modified":"2023-04-26T18:36:50","modified_gmt":"2023-04-26T13:06:50","slug":"disclaimer","status":"publish","type":"page","link":"https:\/\/scoliotrack.com\/fi\/disclaimer\/","title":{"rendered":"D\u00e9sistement"},"content":{"rendered":"<h2 style=\"text-align: center;\"><strong>Sovelluksen l\u00e4\u00e4ketieteellinen vastuuvapauslauseke<\/strong><\/h2>\n<p style=\"text-align: center;\">L\u00e4\u00e4ketieteellinen vastuuvapauslauseke<\/p>\n<p style=\"text-align: center;\">Tarkistettu 27.6.2022<\/p>\n<h2><strong>Ei sis\u00e4ll\u00e4 neuvoja<\/strong><\/h2>\n<p>ScolioTrack\u2013sovellus (\u201dsovellus\u201d) tarjoaa vain tietoja. Sovellus ei tarjoa l\u00e4\u00e4ketieteellist\u00e4 hoitoa tai neuvontaa, eik\u00e4 k\u00e4ytt\u00e4j\u00e4 saa sovelluksen tietoja sellaisina pit\u00e4\u00e4. Sovelluksen tietoja ei voi sellaisenaan pit\u00e4\u00e4 l\u00e4\u00e4ketieteellisen hoidon tai diagnoosin perusteena. T\u00e4m\u00e4n sovelluksen tiedot eiv\u00e4t korvaa ammattilaisen l\u00e4\u00e4ketieteellist\u00e4 neuvontaa, diagnoosia tai hoitoa.Kaikki sovelluksen sis\u00e4lt\u00e4m\u00e4 tai sen kautta saatavilla oleva sis\u00e4lt\u00f6, kuten tekstit, grafiikat, kuvat ja tiedot, ovat vain yleist\u00e4 tietoa.<\/p>\n<h2><strong>Ammattilaisen l\u00e4\u00e4ketieteellinen neuvonta ja apu<\/strong><\/h2>\n<p>Suosittelemme vahvasti, ett\u00e4 tarkistat kaikki sovelluksesta ja sovelluksen kautta saamasi tiedot sek\u00e4 hoitoon ja sairauden tilaan liittyv\u00e4t tiedot l\u00e4\u00e4k\u00e4rilt\u00e4 tai muulta terveydenhoidon ammattilaiselta.<\/p>\n<h2><strong>Ei luotettava<\/strong><\/h2>\n<p>ET SAA KOSKAAN TEHD\u00c4 DIAGNOOSIA TAI HOITOSUUNNITELMAA MINK\u00c4\u00c4N SOVELLUKSESTA SAADUN TIEDON PERUSTEELLA. ET SAA KORVATA L\u00c4\u00c4K\u00c4RIN TAI MUUN TERVEYDENHUOLLON AMMATTILAISEN ANTAMAA NEUVOA T\u00c4M\u00c4N SOVELLUKSEN TIEDOILLA.<\/p>\n<p>ET SAA KOSKAAN SIVUTTAA TERVEYDENHUOLLON AMMATTILAISEN NEUVOA TAI VIIVYTT\u00c4\u00c4 HOITOON HAKEUTUMISTA SOVELLUKSESTA SAAMIESI TIETOJEN VUOKSI. JOS SINULLA ON KYSYTT\u00c4V\u00c4\u00c4 L\u00c4\u00c4KETIETEELLISIST\u00c4 ASIOISTA, SINUN TULEE OTTAA YHTEYTT\u00c4 TERVEYDENHUOLLON AMMATTILAISEEN TAI L\u00c4\u00c4K\u00c4RIIN. JOS ET TUNNE OLEVASI TERVE, OTA YHTEYTT\u00c4 V\u00c4LITT\u00d6M\u00c4STI L\u00c4\u00c4K\u00c4RIIN.<\/p>\n<h2><strong>Eitakuuta<\/strong><\/h2>\n<p>Sovelluksen tarjoamat tiedot tarjotaan &#8221;sellaisenaan&#8221; ilman mink\u00e4\u00e4nlaisiatakuita tai v\u00e4itteit\u00e4, suoraan tai ep\u00e4suorasti ilmaistuna. ScolioLife Pte Ltd ei takaa t\u00e4m\u00e4n sovelluksen l\u00e4\u00e4ketieteellisi\u00e4 tai muita tietoja.<\/p>\n<h2><strong>ScolioLife Pte Ltd ei takaa ett\u00e4:<\/strong><\/h2>\n<p>&#8211; Sovelluksen tiedot ovat jatkuvasti saatavilla tai saatavilla ollenkaan; tai<\/p>\n<p>-ett\u00e4 tiedot ovat t\u00e4ydellisi\u00e4, tosia, p\u00e4ivitettyj\u00e4 tai harhaanjohtavia.<\/p>\n<p>SCOLIOLIFE PTE LTD EI OLE VASTUUSSA NEUVOISTA, HOITOSUOSITUKSISTA, DIAGNOOSISTA TAI MIST\u00c4\u00c4N MUUSTA TIEDOSTA, PALVELUISTA TAI TUOTTEISTA, JOITA SAAT SOVELLUKSEN KAUTTA<\/p>\n<h2><strong>Sovellusta k\u00e4ytt\u00e4m\u00e4ll\u00e4 ja rastittamalla ruudun vahvistat, ett\u00e4:<\/strong><\/h2>\n<p>&#8211; OLET LUKENUT JA YMM\u00c4RT\u00c4NYT VASTUUVAPAUSLAUSEKKKEEN.<br \/>\n-OLET SAMAA MIELT\u00c4 T\u00c4M\u00c4N VASTUUVAPAUSLAUSEKKEEN KANSSA.<br \/>\n-HYV\u00c4KSYT L\u00c4\u00c4KETIETEELLISEN VASTUUVAPAUSLAUSEKKEEN SITOVUUDEN JA SEN, ETT\u00c4 SE ASTUU HETI VOIMAAN, KUN RASTITA ALLA OLEVAN RUUDUN.<\/p>\n<p>JOS ET HYV\u00c4KSY T\u00c4M\u00c4N L\u00c4\u00c4KETIETEELLISEN VASTUUVAPAUSLAUSEKKEEN SITOVUUTTA, ET VOI K\u00c4YTT\u00c4\u00c4 SOVELLUSTA TAI REKISTER\u00d6ITY\u00c4 SIIHEN OMALLA NIMELL\u00c4SI.<\/p>\n","protected":false},"excerpt":{"rendered":"<p>Sovelluksen l\u00e4\u00e4ketieteellinen vastuuvapauslauseke L\u00e4\u00e4ketieteellinen vastuuvapauslauseke Tarkistettu 27.6.2022 Ei sis\u00e4ll\u00e4 neuvoja ScolioTrack\u2013sovellus (\u201dsovellus\u201d) tarjoaa vain tietoja. Sovellus ei tarjoa l\u00e4\u00e4ketieteellist\u00e4 hoitoa tai neuvontaa, eik\u00e4 k\u00e4ytt\u00e4j\u00e4 saa sovelluksen tietoja sellaisina pit\u00e4\u00e4. Sovelluksen tietoja ei voi sellaisenaan pit\u00e4\u00e4 l\u00e4\u00e4ketieteellisen hoidon tai diagnoosin perusteena. T\u00e4m\u00e4n sovelluksen tiedot eiv\u00e4t korvaa ammattilaisen l\u00e4\u00e4ketieteellist\u00e4 neuvontaa, diagnoosia tai hoitoa.Kaikki sovelluksen sis\u00e4lt\u00e4m\u00e4 tai sen [&hellip;]<\/p>\n","protected":false},"author":1,"featured_media":0,"parent":0,"menu_order":0,"comment_status":"closed","ping_status":"closed","template":"","meta":{"footnotes":""},"class_list":["post-8997","page","type-page","status-publish","hentry"],"yoast_head":"<!-- This site is optimized with the Yoast SEO plugin v27.4 - https:\/\/yoast.com\/product\/yoast-seo-wordpress\/ -->\n<title>D\u00e9sistement | ScolioTrack<\/title>\n<meta name=\"robots\" content=\"index, follow, max-snippet:-1, max-image-preview:large, max-video-preview:-1\" \/>\n<link rel=\"canonical\" href=\"https:\/\/scoliotrack.com\/fi\/disclaimer\/\" \/>\n<meta property=\"og:locale\" content=\"fi_FI\" \/>\n<meta property=\"og:type\" content=\"article\" \/>\n<meta property=\"og:title\" content=\"D\u00e9sistement | ScolioTrack\" \/>\n<meta property=\"og:description\" content=\"Sovelluksen l\u00e4\u00e4ketieteellinen vastuuvapauslauseke L\u00e4\u00e4ketieteellinen vastuuvapauslauseke Tarkistettu 27.6.2022 Ei sis\u00e4ll\u00e4 neuvoja ScolioTrack\u2013sovellus (\u201dsovellus\u201d) tarjoaa vain tietoja. Sovellus ei tarjoa l\u00e4\u00e4ketieteellist\u00e4 hoitoa tai neuvontaa, eik\u00e4 k\u00e4ytt\u00e4j\u00e4 saa sovelluksen tietoja sellaisina pit\u00e4\u00e4. Sovelluksen tietoja ei voi sellaisenaan pit\u00e4\u00e4 l\u00e4\u00e4ketieteellisen hoidon tai diagnoosin perusteena. T\u00e4m\u00e4n sovelluksen tiedot eiv\u00e4t korvaa ammattilaisen l\u00e4\u00e4ketieteellist\u00e4 neuvontaa, diagnoosia tai hoitoa.Kaikki sovelluksen sis\u00e4lt\u00e4m\u00e4 tai sen [&hellip;]\" \/>\n<meta property=\"og:url\" content=\"https:\/\/scoliotrack.com\/fi\/disclaimer\/\" \/>\n<meta property=\"og:site_name\" content=\"ScolioTrack\" \/>\n<meta property=\"article:publisher\" content=\"https:\/\/www.facebook.com\/scoliolife\" \/>\n<meta property=\"article:modified_time\" content=\"2023-04-26T13:06:50+00:00\" \/>\n<meta name=\"twitter:card\" content=\"summary_large_image\" \/>\n<meta name=\"twitter:site\" content=\"@scoliolife\" \/>\n<meta name=\"twitter:label1\" content=\"Arvioitu lukuaika\" \/>\n\t<meta name=\"twitter:data1\" content=\"2 minuuttia\" \/>\n<script type=\"application\/ld+json\" class=\"yoast-schema-graph\">{\"@context\":\"https:\\\/\\\/schema.org\",\"@graph\":[{\"@type\":\"WebPage\",\"@id\":\"https:\\\/\\\/scoliotrack.com\\\/fi\\\/disclaimer\\\/\",\"url\":\"https:\\\/\\\/scoliotrack.com\\\/fi\\\/disclaimer\\\/\",\"name\":\"D\u00e9sistement | ScolioTrack\",\"isPartOf\":{\"@id\":\"https:\\\/\\\/scoliotrack.com\\\/#website\"},\"datePublished\":\"2022-06-13T03:42:52+00:00\",\"dateModified\":\"2023-04-26T13:06:50+00:00\",\"breadcrumb\":{\"@id\":\"https:\\\/\\\/scoliotrack.com\\\/fi\\\/disclaimer\\\/#breadcrumb\"},\"inLanguage\":\"fi\",\"potentialAction\":[{\"@type\":\"ReadAction\",\"target\":[\"https:\\\/\\\/scoliotrack.com\\\/fi\\\/disclaimer\\\/\"]}]},{\"@type\":\"BreadcrumbList\",\"@id\":\"https:\\\/\\\/scoliotrack.com\\\/fi\\\/disclaimer\\\/#breadcrumb\",\"itemListElement\":[{\"@type\":\"ListItem\",\"position\":1,\"name\":\"Home\",\"item\":\"https:\\\/\\\/scoliotrack.com\\\/fi\\\/\"},{\"@type\":\"ListItem\",\"position\":2,\"name\":\"D\u00e9sistement\"}]},{\"@type\":\"WebSite\",\"@id\":\"https:\\\/\\\/scoliotrack.com\\\/#website\",\"url\":\"https:\\\/\\\/scoliotrack.com\\\/\",\"name\":\"ScolioTrack\",\"description\":\"ScolioTrack App by ScolioLife\u2122\",\"publisher\":{\"@id\":\"https:\\\/\\\/scoliotrack.com\\\/#organization\"},\"potentialAction\":[{\"@type\":\"SearchAction\",\"target\":{\"@type\":\"EntryPoint\",\"urlTemplate\":\"https:\\\/\\\/scoliotrack.com\\\/?s={search_term_string}\"},\"query-input\":{\"@type\":\"PropertyValueSpecification\",\"valueRequired\":true,\"valueName\":\"search_term_string\"}}],\"inLanguage\":\"fi\"},{\"@type\":\"Organization\",\"@id\":\"https:\\\/\\\/scoliotrack.com\\\/#organization\",\"name\":\"ScolioLife Pte Ltd\",\"alternateName\":\"ScolioLife\",\"url\":\"https:\\\/\\\/scoliotrack.com\\\/\",\"logo\":{\"@type\":\"ImageObject\",\"inLanguage\":\"fi\",\"@id\":\"https:\\\/\\\/scoliotrack.com\\\/#\\\/schema\\\/logo\\\/image\\\/\",\"url\":\"https:\\\/\\\/scoliotrack.com\\\/wp-content\\\/uploads\\\/2022\\\/06\\\/cropped-ScolioLife-LogoRectangle-White-1.png\",\"contentUrl\":\"https:\\\/\\\/scoliotrack.com\\\/wp-content\\\/uploads\\\/2022\\\/06\\\/cropped-ScolioLife-LogoRectangle-White-1.png\",\"width\":377,\"height\":100,\"caption\":\"ScolioLife Pte Ltd\"},\"image\":{\"@id\":\"https:\\\/\\\/scoliotrack.com\\\/#\\\/schema\\\/logo\\\/image\\\/\"},\"sameAs\":[\"https:\\\/\\\/www.facebook.com\\\/scoliolife\",\"https:\\\/\\\/x.com\\\/scoliolife\",\"https:\\\/\\\/www.instagram.com\\\/scoliolife\\\/\"]}]}<\/script>\n<!-- \/ Yoast SEO plugin. -->","yoast_head_json":{"title":"D\u00e9sistement | ScolioTrack","robots":{"index":"index","follow":"follow","max-snippet":"max-snippet:-1","max-image-preview":"max-image-preview:large","max-video-preview":"max-video-preview:-1"},"canonical":"https:\/\/scoliotrack.com\/fi\/disclaimer\/","og_locale":"fi_FI","og_type":"article","og_title":"D\u00e9sistement | ScolioTrack","og_description":"Sovelluksen l\u00e4\u00e4ketieteellinen vastuuvapauslauseke L\u00e4\u00e4ketieteellinen vastuuvapauslauseke Tarkistettu 27.6.2022 Ei sis\u00e4ll\u00e4 neuvoja ScolioTrack\u2013sovellus (\u201dsovellus\u201d) tarjoaa vain tietoja. Sovellus ei tarjoa l\u00e4\u00e4ketieteellist\u00e4 hoitoa tai neuvontaa, eik\u00e4 k\u00e4ytt\u00e4j\u00e4 saa sovelluksen tietoja sellaisina pit\u00e4\u00e4. Sovelluksen tietoja ei voi sellaisenaan pit\u00e4\u00e4 l\u00e4\u00e4ketieteellisen hoidon tai diagnoosin perusteena. T\u00e4m\u00e4n sovelluksen tiedot eiv\u00e4t korvaa ammattilaisen l\u00e4\u00e4ketieteellist\u00e4 neuvontaa, diagnoosia tai hoitoa.Kaikki sovelluksen sis\u00e4lt\u00e4m\u00e4 tai sen [&hellip;]","og_url":"https:\/\/scoliotrack.com\/fi\/disclaimer\/","og_site_name":"ScolioTrack","article_publisher":"https:\/\/www.facebook.com\/scoliolife","article_modified_time":"2023-04-26T13:06:50+00:00","twitter_card":"summary_large_image","twitter_site":"@scoliolife","twitter_misc":{"Arvioitu lukuaika":"2 minuuttia"},"schema":{"@context":"https:\/\/schema.org","@graph":[{"@type":"WebPage","@id":"https:\/\/scoliotrack.com\/fi\/disclaimer\/","url":"https:\/\/scoliotrack.com\/fi\/disclaimer\/","name":"D\u00e9sistement | ScolioTrack","isPartOf":{"@id":"https:\/\/scoliotrack.com\/#website"},"datePublished":"2022-06-13T03:42:52+00:00","dateModified":"2023-04-26T13:06:50+00:00","breadcrumb":{"@id":"https:\/\/scoliotrack.com\/fi\/disclaimer\/#breadcrumb"},"inLanguage":"fi","potentialAction":[{"@type":"ReadAction","target":["https:\/\/scoliotrack.com\/fi\/disclaimer\/"]}]},{"@type":"BreadcrumbList","@id":"https:\/\/scoliotrack.com\/fi\/disclaimer\/#breadcrumb","itemListElement":[{"@type":"ListItem","position":1,"name":"Home","item":"https:\/\/scoliotrack.com\/fi\/"},{"@type":"ListItem","position":2,"name":"D\u00e9sistement"}]},{"@type":"WebSite","@id":"https:\/\/scoliotrack.com\/#website","url":"https:\/\/scoliotrack.com\/","name":"ScolioTrack","description":"ScolioTrack App by ScolioLife\u2122","publisher":{"@id":"https:\/\/scoliotrack.com\/#organization"},"potentialAction":[{"@type":"SearchAction","target":{"@type":"EntryPoint","urlTemplate":"https:\/\/scoliotrack.com\/?s={search_term_string}"},"query-input":{"@type":"PropertyValueSpecification","valueRequired":true,"valueName":"search_term_string"}}],"inLanguage":"fi"},{"@type":"Organization","@id":"https:\/\/scoliotrack.com\/#organization","name":"ScolioLife Pte Ltd","alternateName":"ScolioLife","url":"https:\/\/scoliotrack.com\/","logo":{"@type":"ImageObject","inLanguage":"fi","@id":"https:\/\/scoliotrack.com\/#\/schema\/logo\/image\/","url":"https:\/\/scoliotrack.com\/wp-content\/uploads\/2022\/06\/cropped-ScolioLife-LogoRectangle-White-1.png","contentUrl":"https:\/\/scoliotrack.com\/wp-content\/uploads\/2022\/06\/cropped-ScolioLife-LogoRectangle-White-1.png","width":377,"height":100,"caption":"ScolioLife Pte Ltd"},"image":{"@id":"https:\/\/scoliotrack.com\/#\/schema\/logo\/image\/"},"sameAs":["https:\/\/www.facebook.com\/scoliolife","https:\/\/x.com\/scoliolife","https:\/\/www.instagram.com\/scoliolife\/"]}]}},"_links":{"self":[{"href":"https:\/\/scoliotrack.com\/fi\/wp-json\/wp\/v2\/pages\/8997","targetHints":{"allow":["GET"]}}],"collection":[{"href":"https:\/\/scoliotrack.com\/fi\/wp-json\/wp\/v2\/pages"}],"about":[{"href":"https:\/\/scoliotrack.com\/fi\/wp-json\/wp\/v2\/types\/page"}],"author":[{"embeddable":true,"href":"https:\/\/scoliotrack.com\/fi\/wp-json\/wp\/v2\/users\/1"}],"replies":[{"embeddable":true,"href":"https:\/\/scoliotrack.com\/fi\/wp-json\/wp\/v2\/comments?post=8997"}],"version-history":[{"count":4,"href":"https:\/\/scoliotrack.com\/fi\/wp-json\/wp\/v2\/pages\/8997\/revisions"}],"predecessor-version":[{"id":18804,"href":"https:\/\/scoliotrack.com\/fi\/wp-json\/wp\/v2\/pages\/8997\/revisions\/18804"}],"wp:attachment":[{"href":"https:\/\/scoliotrack.com\/fi\/wp-json\/wp\/v2\/media?parent=8997"}],"curies":[{"name":"wp","href":"https:\/\/api.w.org\/{rel}","templated":true}]}}