{"id":8999,"date":"2022-06-13T09:12:52","date_gmt":"2022-06-13T03:42:52","guid":{"rendered":"https:\/\/scoliotrack.com\/disclaimer-2\/"},"modified":"2023-04-26T18:37:55","modified_gmt":"2023-04-26T13:07:55","slug":"disclaimer","status":"publish","type":"page","link":"https:\/\/scoliotrack.com\/de\/disclaimer\/","title":{"rendered":"Haftungsausschluss"},"content":{"rendered":"<h2 style=\"text-align: center;\">App Medizinischer Haftungsausschluss<\/h2>\n<p style=\"text-align: center;\">Medizinischer Haftungsausschluss<br \/>\n\u00dcberarbeitet am 27. Juni 2022<\/p>\n<p>&nbsp;<\/p>\n<h2><strong>Keine Beratung<\/strong><\/h2>\n<p>Diese ScolioTrack App (&#8222;App&#8220;)&#8220; stellt nur Informationen zur Verf\u00fcgung, ist keine medizinische oder Behandlungsberatung und darf vom Benutzer nicht als solche behandelt werden. Daher darf diese App nicht f\u00fcr medizinische Diagnosen oder als Empfehlung f\u00fcr eine medizinische Versorgung oder Behandlung herangezogen werden. Die Informationen auf dieser App sind kein Ersatz f\u00fcr eine professionelle medizinische Beratung, Diagnose oder Behandlung. Alle Inhalte, einschlie\u00dflich Text, Grafiken, Bilder und Informationen, die in dieser App enthalten oder \u00fcber diese App verf\u00fcgbar sind, dienen ausschlie\u00dflich allgemeinen Informationszwecken.<\/p>\n<h2><strong>Professionelle medizinische Beratung und Unterst\u00fctzung<\/strong><\/h2>\n<p>Wir empfehlen Ihnen dringend, alle Informationen, die Sie von oder \u00fcber diese App erhalten haben, mit Ihrem Arzt oder einem anderen professionellen Gesundheitsdienstleister zu besprechen und alle Informationen \u00fcber einen medizinischen Zustand oder eine Behandlung mit Ihrem Arzt oder einem anderen professionellen Gesundheitsdienstleister zu \u00fcberpr\u00fcfen.<\/p>\n<h2><strong>Kein Verlass<\/strong><\/h2>\n<p>SIE D\u00dcRFEN SICH NIEMALS AUF INFORMATIONEN VERLASSEN, DIE SIE MIT DIESER APP ERHALTEN HABEN, UM EINE DIAGNOSE ODER EINE EMPFEHLUNG F\u00dcR EINE MEDIZINISCHE BEHANDLUNG ZU ERHALTEN. SIE D\u00dcRFEN SICH NIEMALS AUF DIE VON DIESER APP ERHALTENEN INFORMATIONEN ALS ALTERNATIVE ZU MEDIZINISCHEM RAT VON IHREM ARZT ODER EINEM ANDEREN PROFESSIONELLEN GESUNDHEITSDIENSTLEISTER VERLASSEN.<\/p>\n<p>SIE D\u00dcRFEN NIEMALS PROFESSIONELLEN MEDIZINISCHEN RAT MISSACHTEN ODER DIE INANSPRUCHNAHME MEDIZINISCHER BEHANDLUNG AUFGRUND VON INFORMATIONEN, DIE SIE AUF DIESER APP GESEHEN ODER AUF DIE SIE \u00dcBER DIESE APP ZUGEGRIFFEN HABEN, HINAUSZ\u00d6GERN. WENN SIE SPEZIELLE FRAGEN ZU EINEM MEDIZINISCHEN THEMA HABEN, SOLLTEN SIE IHREN ARZT ODER EINEN ANDEREN PROFESSIONELLEN ANBIETER IM GESUNDHEITSWESEN KONSULTIEREN. WENN SIE GLAUBEN, DASS SIE AN EINER KRANKHEIT LEIDEN, SOLLTEN SIE SOFORT EINEN ARZT AUFSUCHEN.<\/p>\n<h2><strong>Keine Garantie<\/strong><\/h2>\n<p>Die von dieser App bereitgestellten Informationen werden ohne M\u00e4ngelgew\u00e4hr bereitgestellt, ohne ausdr\u00fcckliche oder stillschweigende Zusicherungen oder Gew\u00e4hrleistungen. ScolioLife Pte Ltd gibt keine Zusicherungen oder Garantien in Bezug auf die medizinischen oder anderen Informationen in dieser App.<\/p>\n<p>&nbsp;<\/p>\n<h2><strong>ScolioLife Pte Ltd \u00fcbernimmt keine Garantie daf\u00fcr:<\/strong><\/h2>\n<p>&#8211; Die von dieser App zur Verf\u00fcgung gestellten Informationen werden st\u00e4ndig oder \u00fcberhaupt verf\u00fcgbar sein;<\/p>\n<p>oder<\/p>\n<p>&#8211; die von dieser App bereitgestellten Informationen vollst\u00e4ndig, wahr, genau, aktuell oder nicht irref\u00fchrend sind.<\/p>\n<p>SCOLIOLIFE PTE LTD IST NICHT VERANTWORTLICH ODER HAFTBAR F\u00dcR RATSCHL\u00c4GE, BEHANDLUNGEN, DIAGNOSEN ODER ANDERE INFORMATIONEN, DIENSTLEISTUNGEN ODER PRODUKTE, DIE SIE DURCH DIE NUTZUNG DIESER APP ERHALTEN.<\/p>\n<p><strong>Durch die Nutzung der App und das Ankreuzen des Kontrollk\u00e4stchens haben Sie best\u00e4tigt, dass:<\/strong><\/p>\n<p>&#8211; SIE DIESEN MEDIZINISCHEN HAFTUNGSAUSSCHLUSS GELESEN UND VERSTANDEN HABEN.<\/p>\n<p>&#8211; SIE MIT DIESEM MEDIZINISCHEN HAFTUNGSAUSSCHLUSS EINVERSTANDEN SIND.<\/p>\n<p>&#8211; SIE SICH DAMIT EINVERSTANDEN ERKL\u00c4REN, AN DIESEN HAFTUNGSAUSSCHLUSS RECHTLICH GEBUNDEN ZU SEIN, DER SOFORT NACH DEM ANKLICKEN DES KONTROLLK\u00c4STCHENS UNTEN IN KRAFT TRITT.<\/p>\n<p>&nbsp;<\/p>\n<p>WENN SIE NICHT MIT DIESEM MEDIZINISCHEN HAFTUNGSAUSSCHLUSS EINVERSTANDEN SIND, D\u00dcRFEN SIE NICHT AUF DIE APP ZUGREIFEN, DIE APP UNTER IHREM NAMEN REGISTRIEREN ODER DIE APP NUTZEN.<\/p>\n","protected":false},"excerpt":{"rendered":"<p>App Medizinischer Haftungsausschluss Medizinischer Haftungsausschluss \u00dcberarbeitet am 27. Juni 2022 &nbsp; Keine Beratung Diese ScolioTrack App (&#8222;App&#8220;)&#8220; stellt nur Informationen zur Verf\u00fcgung, ist keine medizinische oder Behandlungsberatung und darf vom Benutzer nicht als solche behandelt werden. Daher darf diese App nicht f\u00fcr medizinische Diagnosen oder als Empfehlung f\u00fcr eine medizinische Versorgung oder Behandlung herangezogen werden. [&hellip;]<\/p>\n","protected":false},"author":1,"featured_media":0,"parent":0,"menu_order":0,"comment_status":"closed","ping_status":"closed","template":"","meta":{"footnotes":""},"class_list":["post-8999","page","type-page","status-publish","hentry"],"yoast_head":"<!-- This site is optimized with the Yoast SEO plugin v27.3 - https:\/\/yoast.com\/product\/yoast-seo-wordpress\/ -->\n<title>Haftungsausschluss | ScolioTrack<\/title>\n<meta name=\"robots\" content=\"index, follow, max-snippet:-1, max-image-preview:large, max-video-preview:-1\" \/>\n<link rel=\"canonical\" href=\"https:\/\/scoliotrack.com\/de\/disclaimer\/\" \/>\n<meta property=\"og:locale\" content=\"de_DE\" \/>\n<meta property=\"og:type\" content=\"article\" \/>\n<meta property=\"og:title\" content=\"Haftungsausschluss | ScolioTrack\" \/>\n<meta property=\"og:description\" content=\"App Medizinischer Haftungsausschluss Medizinischer Haftungsausschluss \u00dcberarbeitet am 27. Juni 2022 &nbsp; Keine Beratung Diese ScolioTrack App (&#8222;App&#8220;)&#8220; stellt nur Informationen zur Verf\u00fcgung, ist keine medizinische oder Behandlungsberatung und darf vom Benutzer nicht als solche behandelt werden. Daher darf diese App nicht f\u00fcr medizinische Diagnosen oder als Empfehlung f\u00fcr eine medizinische Versorgung oder Behandlung herangezogen werden. [&hellip;]\" \/>\n<meta property=\"og:url\" content=\"https:\/\/scoliotrack.com\/de\/disclaimer\/\" \/>\n<meta property=\"og:site_name\" content=\"ScolioTrack\" \/>\n<meta property=\"article:publisher\" content=\"https:\/\/www.facebook.com\/scoliolife\" \/>\n<meta property=\"article:modified_time\" content=\"2023-04-26T13:07:55+00:00\" \/>\n<meta name=\"twitter:card\" content=\"summary_large_image\" \/>\n<meta name=\"twitter:site\" content=\"@scoliolife\" \/>\n<meta name=\"twitter:label1\" content=\"Gesch\u00e4tzte Lesezeit\" \/>\n\t<meta name=\"twitter:data1\" content=\"2\u00a0Minuten\" \/>\n<script type=\"application\/ld+json\" class=\"yoast-schema-graph\">{\"@context\":\"https:\\\/\\\/schema.org\",\"@graph\":[{\"@type\":\"WebPage\",\"@id\":\"https:\\\/\\\/scoliotrack.com\\\/de\\\/disclaimer\\\/\",\"url\":\"https:\\\/\\\/scoliotrack.com\\\/de\\\/disclaimer\\\/\",\"name\":\"Haftungsausschluss | ScolioTrack\",\"isPartOf\":{\"@id\":\"https:\\\/\\\/scoliotrack.com\\\/#website\"},\"datePublished\":\"2022-06-13T03:42:52+00:00\",\"dateModified\":\"2023-04-26T13:07:55+00:00\",\"breadcrumb\":{\"@id\":\"https:\\\/\\\/scoliotrack.com\\\/de\\\/disclaimer\\\/#breadcrumb\"},\"inLanguage\":\"de\",\"potentialAction\":[{\"@type\":\"ReadAction\",\"target\":[\"https:\\\/\\\/scoliotrack.com\\\/de\\\/disclaimer\\\/\"]}]},{\"@type\":\"BreadcrumbList\",\"@id\":\"https:\\\/\\\/scoliotrack.com\\\/de\\\/disclaimer\\\/#breadcrumb\",\"itemListElement\":[{\"@type\":\"ListItem\",\"position\":1,\"name\":\"Home\",\"item\":\"https:\\\/\\\/scoliotrack.com\\\/de\\\/\"},{\"@type\":\"ListItem\",\"position\":2,\"name\":\"Haftungsausschluss\"}]},{\"@type\":\"WebSite\",\"@id\":\"https:\\\/\\\/scoliotrack.com\\\/#website\",\"url\":\"https:\\\/\\\/scoliotrack.com\\\/\",\"name\":\"ScolioTrack\",\"description\":\"ScolioTrack App by ScolioLife\u2122\",\"publisher\":{\"@id\":\"https:\\\/\\\/scoliotrack.com\\\/#organization\"},\"potentialAction\":[{\"@type\":\"SearchAction\",\"target\":{\"@type\":\"EntryPoint\",\"urlTemplate\":\"https:\\\/\\\/scoliotrack.com\\\/?s={search_term_string}\"},\"query-input\":{\"@type\":\"PropertyValueSpecification\",\"valueRequired\":true,\"valueName\":\"search_term_string\"}}],\"inLanguage\":\"de\"},{\"@type\":\"Organization\",\"@id\":\"https:\\\/\\\/scoliotrack.com\\\/#organization\",\"name\":\"ScolioLife Pte Ltd\",\"alternateName\":\"ScolioLife\",\"url\":\"https:\\\/\\\/scoliotrack.com\\\/\",\"logo\":{\"@type\":\"ImageObject\",\"inLanguage\":\"de\",\"@id\":\"https:\\\/\\\/scoliotrack.com\\\/#\\\/schema\\\/logo\\\/image\\\/\",\"url\":\"https:\\\/\\\/scoliotrack.com\\\/wp-content\\\/uploads\\\/2022\\\/06\\\/cropped-ScolioLife-LogoRectangle-White-1.png\",\"contentUrl\":\"https:\\\/\\\/scoliotrack.com\\\/wp-content\\\/uploads\\\/2022\\\/06\\\/cropped-ScolioLife-LogoRectangle-White-1.png\",\"width\":377,\"height\":100,\"caption\":\"ScolioLife Pte Ltd\"},\"image\":{\"@id\":\"https:\\\/\\\/scoliotrack.com\\\/#\\\/schema\\\/logo\\\/image\\\/\"},\"sameAs\":[\"https:\\\/\\\/www.facebook.com\\\/scoliolife\",\"https:\\\/\\\/x.com\\\/scoliolife\",\"https:\\\/\\\/www.instagram.com\\\/scoliolife\\\/\"]}]}<\/script>\n<!-- \/ Yoast SEO plugin. -->","yoast_head_json":{"title":"Haftungsausschluss | ScolioTrack","robots":{"index":"index","follow":"follow","max-snippet":"max-snippet:-1","max-image-preview":"max-image-preview:large","max-video-preview":"max-video-preview:-1"},"canonical":"https:\/\/scoliotrack.com\/de\/disclaimer\/","og_locale":"de_DE","og_type":"article","og_title":"Haftungsausschluss | ScolioTrack","og_description":"App Medizinischer Haftungsausschluss Medizinischer Haftungsausschluss \u00dcberarbeitet am 27. Juni 2022 &nbsp; Keine Beratung Diese ScolioTrack App (&#8222;App&#8220;)&#8220; stellt nur Informationen zur Verf\u00fcgung, ist keine medizinische oder Behandlungsberatung und darf vom Benutzer nicht als solche behandelt werden. Daher darf diese App nicht f\u00fcr medizinische Diagnosen oder als Empfehlung f\u00fcr eine medizinische Versorgung oder Behandlung herangezogen werden. [&hellip;]","og_url":"https:\/\/scoliotrack.com\/de\/disclaimer\/","og_site_name":"ScolioTrack","article_publisher":"https:\/\/www.facebook.com\/scoliolife","article_modified_time":"2023-04-26T13:07:55+00:00","twitter_card":"summary_large_image","twitter_site":"@scoliolife","twitter_misc":{"Gesch\u00e4tzte Lesezeit":"2\u00a0Minuten"},"schema":{"@context":"https:\/\/schema.org","@graph":[{"@type":"WebPage","@id":"https:\/\/scoliotrack.com\/de\/disclaimer\/","url":"https:\/\/scoliotrack.com\/de\/disclaimer\/","name":"Haftungsausschluss | ScolioTrack","isPartOf":{"@id":"https:\/\/scoliotrack.com\/#website"},"datePublished":"2022-06-13T03:42:52+00:00","dateModified":"2023-04-26T13:07:55+00:00","breadcrumb":{"@id":"https:\/\/scoliotrack.com\/de\/disclaimer\/#breadcrumb"},"inLanguage":"de","potentialAction":[{"@type":"ReadAction","target":["https:\/\/scoliotrack.com\/de\/disclaimer\/"]}]},{"@type":"BreadcrumbList","@id":"https:\/\/scoliotrack.com\/de\/disclaimer\/#breadcrumb","itemListElement":[{"@type":"ListItem","position":1,"name":"Home","item":"https:\/\/scoliotrack.com\/de\/"},{"@type":"ListItem","position":2,"name":"Haftungsausschluss"}]},{"@type":"WebSite","@id":"https:\/\/scoliotrack.com\/#website","url":"https:\/\/scoliotrack.com\/","name":"ScolioTrack","description":"ScolioTrack App by ScolioLife\u2122","publisher":{"@id":"https:\/\/scoliotrack.com\/#organization"},"potentialAction":[{"@type":"SearchAction","target":{"@type":"EntryPoint","urlTemplate":"https:\/\/scoliotrack.com\/?s={search_term_string}"},"query-input":{"@type":"PropertyValueSpecification","valueRequired":true,"valueName":"search_term_string"}}],"inLanguage":"de"},{"@type":"Organization","@id":"https:\/\/scoliotrack.com\/#organization","name":"ScolioLife Pte Ltd","alternateName":"ScolioLife","url":"https:\/\/scoliotrack.com\/","logo":{"@type":"ImageObject","inLanguage":"de","@id":"https:\/\/scoliotrack.com\/#\/schema\/logo\/image\/","url":"https:\/\/scoliotrack.com\/wp-content\/uploads\/2022\/06\/cropped-ScolioLife-LogoRectangle-White-1.png","contentUrl":"https:\/\/scoliotrack.com\/wp-content\/uploads\/2022\/06\/cropped-ScolioLife-LogoRectangle-White-1.png","width":377,"height":100,"caption":"ScolioLife Pte Ltd"},"image":{"@id":"https:\/\/scoliotrack.com\/#\/schema\/logo\/image\/"},"sameAs":["https:\/\/www.facebook.com\/scoliolife","https:\/\/x.com\/scoliolife","https:\/\/www.instagram.com\/scoliolife\/"]}]}},"_links":{"self":[{"href":"https:\/\/scoliotrack.com\/de\/wp-json\/wp\/v2\/pages\/8999","targetHints":{"allow":["GET"]}}],"collection":[{"href":"https:\/\/scoliotrack.com\/de\/wp-json\/wp\/v2\/pages"}],"about":[{"href":"https:\/\/scoliotrack.com\/de\/wp-json\/wp\/v2\/types\/page"}],"author":[{"embeddable":true,"href":"https:\/\/scoliotrack.com\/de\/wp-json\/wp\/v2\/users\/1"}],"replies":[{"embeddable":true,"href":"https:\/\/scoliotrack.com\/de\/wp-json\/wp\/v2\/comments?post=8999"}],"version-history":[{"count":4,"href":"https:\/\/scoliotrack.com\/de\/wp-json\/wp\/v2\/pages\/8999\/revisions"}],"predecessor-version":[{"id":18806,"href":"https:\/\/scoliotrack.com\/de\/wp-json\/wp\/v2\/pages\/8999\/revisions\/18806"}],"wp:attachment":[{"href":"https:\/\/scoliotrack.com\/de\/wp-json\/wp\/v2\/media?parent=8999"}],"curies":[{"name":"wp","href":"https:\/\/api.w.org\/{rel}","templated":true}]}}